{"id":14,"date":"2022-07-06T17:11:42","date_gmt":"2022-07-06T17:11:42","guid":{"rendered":"https:\/\/magyarutca.org\/wordpress\/?page_id=14"},"modified":"2026-03-18T00:56:06","modified_gmt":"2026-03-18T00:56:06","slug":"magunkrol","status":"publish","type":"page","link":"https:\/\/magyarutca.org\/wordpress\/magunkrol\/","title":{"rendered":"Magunkr\u00f3l"},"content":{"rendered":"\n<p>\u00dcdv\u00f6z\u00f6lj\u00fck a Finnorsz\u00e1gi Magyarok Egyes\u00fclete (FME) honlapj\u00e1n!<\/p>\n\n\n\n<p>Egyes\u00fclet\u00fcnk 1993. m\u00e1rcius idus\u00e1n alakult azzal a c\u00e9llal, hogy \u00f6sszefogja, k\u00f6z\u00f6ss\u00e9gbe t\u00f6m\u00f6r\u00edtse az addig spont\u00e1nul tal\u00e1lkoz\u00f3 itt \u00e9l\u0151 magyarokat. Alapelvk\u00e9nt fogalmaztuk meg, hogy a k\u00fclhoni magyars\u00e1g megtart\u00e1s\u00e1nak legfontosabb pill\u00e9rei a csal\u00e1d, a magyar nyelv, valamint a magyar kult\u00fara \u00e9s a magyar hagyom\u00e1nyok \u00e1pol\u00e1sa. Ebben a szellemben dolgoztunk, \u00e9s dolgozunk tov\u00e1bbra is. Egyes\u00fclet\u00fcnk regisztr\u00e1ci\u00f3s sz\u00e1ma (Y-tunnus)&nbsp;<a rel=\"noreferrer noopener\" href=\"http:\/\/yhdistysrekisteri.prh.fi\/pertied.htx?kieli=1&amp;reknro=171037\" target=\"_blank\">3049407-2<\/a>.<\/p>\n\n\n\n<p>Az egyes\u00fclet alapszab\u00e1lya elolvashat\u00f3&nbsp;<strong><mark style=\"background-color:rgba(0, 0, 0, 0)\" class=\"has-inline-color has-purple-color\"><a href=\"https:\/\/magyarutca.org\/wordpress\/fme-alapszabaly\/\">magyar<\/a><\/mark> <\/strong>\u00e9s<a rel=\"noreferrer noopener\" href=\"https:\/\/magyarutca.org\/wordpress\/yhdistyksen-saannot\/\" data-type=\"URL\" data-id=\"https:\/\/magyarutca.org\/wordpress\/yhdistyksen-saannot\/\" target=\"_blank\"> <\/a><strong><a href=\"https:\/\/magyarutca.org\/wordpress\/yhdistyksen-saannot\/\" data-type=\"URL\" data-id=\"https:\/\/magyarutca.org\/wordpress\/yhdistyksen-saannot\/\"><mark style=\"background-color:rgba(0, 0, 0, 0)\" class=\"has-inline-color has-purple-color\">finn<\/mark><\/a><\/strong><mark style=\"background-color:rgba(0, 0, 0, 0)\" class=\"has-inline-color has-dark-purple-color\"> <\/mark>nyelven. <\/p>\n\n\n\n<p><\/p>\n\n\n\n<p>Honlapunkon az egyes\u00fclet bemutatkoz\u00e1sa mellett megtal\u00e1lhatj\u00e1k az aktu\u00e1lis h\u00edreket, esem\u00e9nyeket, a k\u00fcl\u00f6nb\u00f6z\u0151 magyar vonatkoz\u00e1s\u00fa programokat. A hasznos tudnival\u00f3k, linkek, el\u00e9rhet\u0151s\u00e9gek a m\u00e1r itt lev\u0151knek seg\u00edthetnek a beilleszked\u00e9sben, m\u00edg a munkakeres\u0151knek, a kitelep\u00fclni k\u00e9sz\u00fcl\u0151knek n\u00e9mi fog\u00f3dz\u00f3t adhatnak.<\/p>\n\n\n\n<p>Megtal\u00e1lhatnak minket a Facebookon is, a&nbsp;<a href=\"https:\/\/www.facebook.com\/FinnorszagiMagyarokEgyesulete\/\">Finnorsz\u00e1gi Magyarok Egyes\u00fclete oldala<\/a>&nbsp;igyekszik naprak\u00e9sz inform\u00e1ci\u00f3kkal szolg\u00e1lni az aktu\u00e1lis esem\u00e9nyekkel kapcsolatban. Ugyanitt v\u00e1runk minden visszejelz\u00e9st esem\u00e9nyeinkkel kapcsolatban.<\/p>\n\n\n\n<p>Az egyes\u00fclet&nbsp;<strong>magyar-lista<\/strong>&nbsp;c\u00edmmel levelez\u0151list\u00e1t m\u0171k\u00f6dtet, amelyre a&nbsp;<a href=\"mailto:magyar-lista-owner@magyarutca.org\">magyar-lista-owner@magyarutca.org<\/a>&nbsp;c\u00edmre k\u00fcld\u00f6tt&nbsp;<strong>r\u00f6vid bemutatkoz\u00e1ssal&nbsp;<\/strong>lehet feliratkozni.<\/p>\n\n\n\n<p><strong>A jelenlegi (2022) tags\u00e1gi d\u00edjakr\u00f3l:<br>Amennyiben egyes\u00fcleti tag szeretne lenni, a fenti sz\u00e1mlasz\u00e1mra kell befizetni az egy napt\u00e1ri \u00e9vre \u00e9rv\u00e9nyes csal\u00e1di tagd\u00edjat, ami 2020. janu\u00e1r 11-t\u0151l kezd\u0151d\u0151en a Helsinkiben \u00e9s annak 30 km-es k\u00f6rzet\u00e9ben \u00e9l\u0151k sz\u00e1m\u00e1ra csal\u00e1donk\u00e9nt 25 eur\u00f3, a t\u00e1volabb \u00e9l\u0151k sz\u00e1m\u00e1ra 17 eur\u00f3, a nyugd\u00edjas csal\u00e1dok \u00e9s az egyetemist\u00e1k sz\u00e1m\u00e1ra pedig 12 eur\u00f3.<br>Az egyes\u00fclet sz\u00e1mlasz\u00e1ma: FI50 1011 3000 2200 03 Suomen unkarilaisten yhdistys.<br>Tagd\u00edj befizet\u00e9sekor az \u00fczenetmez\u0151be felt\u00e9tlen\u00fcl \u00edrja be a nev\u00e9t.<\/strong><\/p>\n\n\n\n<p>Kellemes, hasznos b\u00f6ng\u00e9sz\u00e9st k\u00edv\u00e1n a Vezet\u0151s\u00e9g.<\/p>\n\n\n\n<p><\/p>\n\n\n\n<p class=\"has-large-font-size\"><strong>Eln\u00f6ks\u00e9g<\/strong><\/p>\n\n\n\n<figure class=\"wp-block-image size-large\"><img loading=\"lazy\" decoding=\"async\" width=\"1024\" height=\"602\" src=\"https:\/\/magyarutca.org\/wordpress\/wp-content\/uploads\/2026\/03\/2026.03.07_FME-elnokseg_1-1024x602.jpg\" alt=\"\" class=\"wp-image-2634\" srcset=\"https:\/\/magyarutca.org\/wordpress\/wp-content\/uploads\/2026\/03\/2026.03.07_FME-elnokseg_1-1024x602.jpg 1024w, https:\/\/magyarutca.org\/wordpress\/wp-content\/uploads\/2026\/03\/2026.03.07_FME-elnokseg_1-300x176.jpg 300w, https:\/\/magyarutca.org\/wordpress\/wp-content\/uploads\/2026\/03\/2026.03.07_FME-elnokseg_1-768x452.jpg 768w, https:\/\/magyarutca.org\/wordpress\/wp-content\/uploads\/2026\/03\/2026.03.07_FME-elnokseg_1-1536x903.jpg 1536w, https:\/\/magyarutca.org\/wordpress\/wp-content\/uploads\/2026\/03\/2026.03.07_FME-elnokseg_1-2048x1204.jpg 2048w\" sizes=\"auto, (max-width: 1024px) 100vw, 1024px\" \/><\/figure>\n\n\n\n<p><strong>Az FME eln\u00f6ks\u00e9ge 2026-2030<\/strong><br>Balr\u00f3l jobbra:\u00a0<br><strong><strong>H\u00f3di B\u00e9la<\/strong> <\/strong>eln\u00f6khelyettes<strong>, Nagy G\u00e1bor<\/strong> <strong>Bigus <\/strong>eln\u00f6k, <strong>Koivuvuo Ildik\u00f3<\/strong> m\u0171k\u00f6d\u00e9si ellen\u0151r, <strong>G\u00e1lfi Istv\u00e1n<\/strong> eln\u00f6ks\u00e9gi tag,  <strong>Fodor Gabriella<\/strong> m\u0171k\u00f6d\u00e9si ellen\u00f6r, <strong>Imre Andor<\/strong> k\u00fcls\u0151s titk\u00e1r <br><\/p>\n","protected":false},"excerpt":{"rendered":"<p>\u00dcdv\u00f6z\u00f6lj\u00fck a Finnorsz\u00e1gi Magyarok Egyes\u00fclete (FME) honlapj\u00e1n! Egyes\u00fclet\u00fcnk 1993. m\u00e1rcius idus\u00e1n alakult azzal a c\u00e9llal, hogy \u00f6sszefogja, k\u00f6z\u00f6ss\u00e9gbe t\u00f6m\u00f6r\u00edtse az addig spont\u00e1nul tal\u00e1lkoz\u00f3 itt \u00e9l\u0151 magyarokat. Alapelvk\u00e9nt fogalmaztuk meg, hogy a k\u00fclhoni magyars\u00e1g megtart\u00e1s\u00e1nak legfontosabb pill\u00e9rei a csal\u00e1d, a magyar nyelv, valamint a magyar kult\u00fara \u00e9s a magyar hagyom\u00e1nyok \u00e1pol\u00e1sa. Ebben a szellemben dolgoztunk, \u00e9s &hellip; <a href=\"https:\/\/magyarutca.org\/wordpress\/magunkrol\/\" class=\"more-link\">Continue reading <span class=\"screen-reader-text\">Magunkr\u00f3l<\/span><\/a><\/p>\n","protected":false},"author":1,"featured_media":0,"parent":0,"menu_order":0,"comment_status":"closed","ping_status":"closed","template":"","meta":{"footnotes":""},"class_list":["post-14","page","type-page","status-publish","hentry"],"_links":{"self":[{"href":"https:\/\/magyarutca.org\/wordpress\/wp-json\/wp\/v2\/pages\/14","targetHints":{"allow":["GET"]}}],"collection":[{"href":"https:\/\/magyarutca.org\/wordpress\/wp-json\/wp\/v2\/pages"}],"about":[{"href":"https:\/\/magyarutca.org\/wordpress\/wp-json\/wp\/v2\/types\/page"}],"author":[{"embeddable":true,"href":"https:\/\/magyarutca.org\/wordpress\/wp-json\/wp\/v2\/users\/1"}],"replies":[{"embeddable":true,"href":"https:\/\/magyarutca.org\/wordpress\/wp-json\/wp\/v2\/comments?post=14"}],"version-history":[{"count":26,"href":"https:\/\/magyarutca.org\/wordpress\/wp-json\/wp\/v2\/pages\/14\/revisions"}],"predecessor-version":[{"id":2635,"href":"https:\/\/magyarutca.org\/wordpress\/wp-json\/wp\/v2\/pages\/14\/revisions\/2635"}],"wp:attachment":[{"href":"https:\/\/magyarutca.org\/wordpress\/wp-json\/wp\/v2\/media?parent=14"}],"curies":[{"name":"wp","href":"https:\/\/api.w.org\/{rel}","templated":true}]}}