{"id":2097,"date":"2023-09-12T18:22:22","date_gmt":"2023-09-12T18:22:22","guid":{"rendered":"https:\/\/magyarutca.org\/wordpress\/?page_id=2097"},"modified":"2023-09-19T20:20:17","modified_gmt":"2023-09-19T20:20:17","slug":"yhdistyksen-saannot","status":"publish","type":"page","link":"https:\/\/magyarutca.org\/wordpress\/yhdistyksen-saannot\/","title":{"rendered":"Yhdistyksen s\u00e4\u00e4nn\u00f6t"},"content":{"rendered":"\n<p>Finnorsz\u00e1gi Magyarok Egyes\u00fclete &#8211; Suomen Unkarilaisten Yhdistys<\/p>\n\n\n\n<p>2023.05.24<\/p>\n\n\n\n<p>1.<strong>Nimi ja kotipaikka<\/strong><\/p>\n\n\n\n<p>Yhdistyksen nimi: Finnorsz\u00e1gi Magyarok Egyes\u00fclete &#8211; Suomen Unkarilaisten Yhdistys<\/p>\n\n\n\n<p>Kotipaikka: Helsinki   <\/p>\n\n\n\n<p>Toiminta-alue: Suomi<\/p>\n\n\n\n<p>2.<strong>Toiminnan tarkoitus<\/strong><\/p>\n\n\n\n<p>Yhdistys on Suomen unkarilaisten puoluepoliittisesti riippumaton valtakunnallinen j\u00e4rjest\u00f6. Yhdistyksen tarkoituksena on yhdist\u00e4\u00e4 Suomessa pysyv\u00e4sti tai tilap\u00e4isesti asuvat unkarilaiset sek\u00e4 tarjota omaehtoista mahdollisuutta \u00e4idinkielens\u00e4 ja kulttuurinsa vaalimiseen ja harjoittamiseen sek\u00e4 toimia yhteisty\u00f6ss\u00e4 muiden vastaavia p\u00e4\u00e4m\u00e4\u00e4ri\u00e4 ajavien j\u00e4rjest\u00f6jen kanssa.<\/p>\n\n\n\n<p>Tarkoituksensa toteuttamiseksi yhdistys j\u00e4rjest\u00e4\u00e4 kulttuuri-, informaatio-, urheilu-, perhe- ja muita tapaamistilaisuuksia, kokouksia, esityksi\u00e4, esittelyit\u00e4 ja iltamia.<\/p>\n\n\n\n<p>Yhdistys voi tarpeen tullen harjoittaa julkaisutoimintaa. Toiminnan taloudellisten edellytysten turvaamiseksi yhdistyksen j\u00e4senet maksavat j\u00e4senmaksua, ja konkreettisten tavoitteiden toteuttamiseksi yhdistys voi j\u00e4rjest\u00e4\u00e4 &#8211; lakien sallimissa puitteissa ja huolehtimalla tarpeellisista luvista &#8211; ker\u00e4yksi\u00e4, arpajaisia ja myyj\u00e4isi\u00e4.<\/p>\n\n\n\n<p><strong>3. J\u00e4senet<\/strong><\/p>\n\n\n\n<p>Yhdistyksen varsinainen j\u00e4sen voi olla kuka tahansa Suomessa asuva, itse\u00e4\u00e4n unkarilaisena pit\u00e4v\u00e4 henkil\u00f6, joka hyv\u00e4ksyy yhdistyksen s\u00e4\u00e4nn\u00f6t ja maksaa yhdistykselle j\u00e4senmaksun. Yhdistys antaa mahdollisuuden j\u00e4senen ja h\u00e4nen koko perheens\u00e4 osallistua toimintaansa.<s><\/s><\/p>\n\n\n\n<p>Yhdistyksen kannattava j\u00e4sen voi olla kuka tahansa Suomessa unkarilaisten asiaa edustava henkil\u00f6 ja my\u00f6s oikeushenkil\u00f6, joka hyv\u00e4ksyy yhdistyksen s\u00e4\u00e4nn\u00f6t, mutta kannattavat j\u00e4senet ovat ilman \u00e4\u00e4nioikeutta. Varsinaiset ja kannattavat j\u00e4senet hyv\u00e4ksyy yhdistyksen kokous. Yhdistyksen j\u00e4senyys on henkil\u00f6kohtainen, samoin kuin j\u00e4senyyteen liittyv\u00e4t oikeudet ja velvollisuudet.<\/p>\n\n\n\n<p>Yhdistyksen kokous voi kutsua kunniaj\u00e4senekseen erityisen arvostuksen ansainneen ja ty\u00f6ss\u00e4\u00e4n ansioituneen henkil\u00f6n. Kunniaj\u00e4senet nauttivat t\u00e4ysi\u00e4 j\u00e4senoikeuksia. Kuka tahansa j\u00e4sen voi tehd\u00e4 aloitteen kunniaj\u00e4seneksi valintaan.<\/p>\n\n\n\n<p><strong>&nbsp;4. &nbsp;J\u00e4senen eroaminen ja erottaminen<\/strong><\/p>\n\n\n\n<p>Yhdistyksen j\u00e4sen voi liitty\u00e4 yhdistykseen vapaasta tahdostaan, ja erota siit\u00e4 samoin ilmoittamalla kirjallisesti aikeestaan hallitukselle tai sen puheenjohtajalle pyyt\u00e4m\u00e4ll\u00e4 yhdistyksen kokouksessa ilmoituksensa merkitsemist\u00e4 p\u00f6yt\u00e4kirjaan.<\/p>\n\n\n\n<p>Hallitus voi erottaa j\u00e4senen yhdistyksest\u00e4, jos j\u00e4sen on menettelyll\u00e4\u00e4n huomattavasti vahingoittanut yhdistyst\u00e4 tai rikkonut yhdistyksen s\u00e4\u00e4nt\u00f6j\u00e4.<\/p>\n\n\n\n<p><strong>5. &nbsp;J\u00e4senmaksu<\/strong><\/p>\n\n\n\n<p>J\u00e4senmaksun suuruuden m\u00e4\u00e4r\u00e4\u00e4 vuosittain kulloinkin yhdistyksen kokous. Kunniaj\u00e4senet ovat vapautettuja j\u00e4senmaksun maksamisesta.<\/p>\n\n\n\n<p><strong>&nbsp;6. &nbsp;Johtokunta<\/strong><\/p>\n\n\n\n<p>Yhdistyksen toimintaa johtaa johtokunta, jonka valitsee yhdistyksen vuosikokous, kahdeksi vuodeksi kerrallaan.  Johtokuntaan kuluu: puheenjohtaja ja kuusi varsinaista j\u00e4sent\u00e4 sek\u00e4 kaksi varaj\u00e4sent\u00e4. Johtokunnan puheenjohtaja ja j\u00e4senet voidaan valita korkeintaan kolmeksi per\u00e4kk\u00e4iseksi kahden vuoden toimikaudeksi samaan teht\u00e4v\u00e4\u00e4n.<\/p>\n\n\n\n<p>Varaj\u00e4senen toimivaltuudet astuvat voimaan kenen tahansa johtokunnan varsinaisen j\u00e4senen ollessa estynyt. Johtokunta valitsee keskuudestaan varapuheenjohtajan, sihteerin, taloudenhoitajan ja muut vastuuhenkil\u00f6t. Sihteeriksi voidaan valita my\u00f6s johtokunnan ulkopuolinen henkil\u00f6.<\/p>\n\n\n\n<p>Johtokunnan j\u00e4senen ollessa estynyt tai erotessa tarvittavia teht\u00e4vi\u00e4 hoitaa t\u00e4h\u00e4n pyydetty varaj\u00e4sen, kunnes seuraavassa vuosikokouksessa valitaan uusi johtokunnan j\u00e4sen.<\/p>\n\n\n\n<p>Johtokunta kokoontuu puheenjohtajan tai h\u00e4nen ollessaan estynyt varapuheenjohtajan kutsusta kokoukseen. Johtokunta on kutsuttava koolle my\u00f6s mik\u00e4li v\u00e4hint\u00e4\u00e4n kolme johtokunnan j\u00e4senist\u00e4 pyyt\u00e4\u00e4 sit\u00e4. Johtokunta on p\u00e4\u00e4t\u00f6svaltainen, kun puolet j\u00e4senist\u00e4 ja lis\u00e4ksi puheenjohtaja tai varapuheenjohtaja on l\u00e4sn\u00e4. Johtokunnan kokouksista pidet\u00e4\u00e4n p\u00f6yt\u00e4kirjaa. Jos v\u00e4hint\u00e4\u00e4n 1\/3 osa johtokunnan j\u00e4senist\u00e4 sit\u00e4 vaatii, k\u00e4sitelt\u00e4v\u00e4 asia on viet\u00e4v\u00e4 yhdistyksen kokoukseen p\u00e4\u00e4tett\u00e4v\u00e4ksi, ei kuitenkaan asioita, joissa johtokunnalla lain mukaan on yksinomaan toimivalta.<\/p>\n\n\n\n<p><strong>&nbsp;7. &nbsp;Nimenkirjoitusoikeus ja yhdistyksen kieli<\/strong><\/p>\n\n\n\n<p>Yhdistyksen nimen kirjoittaa puheenjohtaja tai varapuheenjohtaja, jompikumpi yhdess\u00e4 sihteerin tai taloudenhoitajan kanssa.<\/p>\n\n\n\n<p>Yhdistyksen ty\u00f6kieli on unkari, viranomaissuhteissa suomi.<\/p>\n\n\n\n<p><strong>&nbsp;8. &nbsp;Tilivuosi ja sen merkitseminen<\/strong><\/p>\n\n\n\n<p>Yhdistyksen tilivuosi on kalenterivuosi.<\/p>\n\n\n\n<p>Tilivuoden tilinp\u00e4\u00e4t\u00f6s ja tase sek\u00e4 toimintakertomus on jaettava tilintarkastajille viimeist\u00e4\u00e4n kuukautta ennen vuosikokousta. Tilintarkastajat antavat lausuntonsa hallitukselle viimeist\u00e4\u00e4n kaksi viikkoa ennen vuosikokousta. Tilintarkastaja ei ole yhdistyksen hallituksen j\u00e4sen. Tilintarkastajat ovat vastuussa ainoastaan vuosikokoukselle.<\/p>\n\n\n\n<p><strong>&nbsp;9. &nbsp;Yhdistyksen kokoukset<\/strong><\/p>\n\n\n\n<p>Vuosikokous on pidett\u00e4v\u00e4 viimeist\u00e4\u00e4n maaliskuun loppuun menness\u00e4.<\/p>\n\n\n\n<p>Kutsu yhdistyksen kokoukseen ja esityslista liitteineen on postitettava j\u00e4senille viimeist\u00e4\u00e4n 14 p\u00e4iv\u00e4\u00e4 ennen vuosikokousta. \u00a0 <\/p>\n\n\n\n<p>Yhdistyksen kokouksessa kullakin yhdistyksen varsinaisella j\u00e4senell\u00e4, kunniapuheenjohtajalla ja kunniaj\u00e4senell\u00e4 on yksi \u00e4\u00e4ni. \u00c4\u00e4nestett\u00e4ess\u00e4 yksinkertaisen enemmist\u00f6n saavuttanut ehdotus astuu voimaan, \u00e4\u00e4nten menness\u00e4 tasan, ratkaisee puheenjohtajan \u00e4\u00e4ni, ei kuitenkaan henkil\u00f6vaaleissa, jolloin vaaditaan uusinta\u00e4\u00e4nestys. <\/p>\n\n\n\n<p>Kukin j\u00e4sen voi k\u00e4ytt\u00e4\u00e4 kirjallisella valtakirjalla yhdistyksen kokouksessa korkeintaan kolmen poissaolevan j\u00e4senen \u00e4\u00e4nt\u00e4.<\/p>\n\n\n\n<p>Kokous on p\u00e4\u00e4t\u00f6svaltainen, kun v\u00e4hint\u00e4\u00e4n 10 % j\u00e4senist\u00f6st\u00e4 on paikalla.<s><\/s><\/p>\n\n\n\n<p><strong>&nbsp;10. &nbsp;Yhdistyksen kokousten koollekutsuminen<\/strong><\/p>\n\n\n\n<p>Yhdistyksen kokouksen kutsuu koolle hallitus.<\/p>\n\n\n\n<p>Ylim\u00e4\u00e4r\u00e4inen kokous pidet\u00e4\u00e4n, kun yhdistyksen kokous niin p\u00e4\u00e4tt\u00e4\u00e4 tai hallitus katsoo siihen olevan aihetta tai kun v\u00e4hint\u00e4\u00e4n kymmenesosa yhdistyksen \u00e4\u00e4nioikeutetusta j\u00e4senist\u00e4 vaatii kirjallisesti. J\u00e4sen voi antaa valtakirjan toiselle j\u00e4senelle mik\u00e4li henkil\u00f6kohtainen osallistuminen on estetty.<\/p>\n\n\n\n<p><strong>11. \u00a0Vuosikokous<\/strong><\/p>\n\n\n\n<div class=\"wp-block-group\"><div class=\"wp-block-group__inner-container is-layout-constrained wp-block-group-is-layout-constrained\">\n<p>Vuosikokouksessa on k\u00e4sitelt\u00e4v\u00e4 seuraavia asioita:<\/p>\n\n\n\n<ol class=\"wp-block-list\">\n<li>Vuosikokouksen avaus<\/li>\n\n\n\n<li>Kokouksen puheenjohtajan, sihteerin, p\u00f6yt\u00e4kirjantarkastajien ja \u00e4\u00e4ntenlaskijoiden valitseminen<\/li>\n\n\n\n<li>Kokouksen laillisuuden ja p\u00e4\u00e4t\u00f6svaltaisuuden toteaminen<\/li>\n\n\n\n<li>Kokouksen esityslistan hyv\u00e4ksyminen<\/li>\n\n\n\n<li>Tilinp\u00e4\u00e4t\u00f6ksen, taseen ja tilintarkastajien lausunnon hyv\u00e4ksyminen Toimintakertomuksen hyv\u00e4ksyminen<\/li>\n\n\n\n<li>Vastuuvapaudesta p\u00e4\u00e4tt\u00e4minen<\/li>\n\n\n\n<li>Kuluvan vuoden toimintasuunnitelman hyv\u00e4ksyminen, tulo- ja menoarviosuunnitelman sek\u00e4 j\u00e4senmaksujen m\u00e4\u00e4r\u00e4\u00e4minen kuluvalle vuodelle<\/li>\n\n\n\n<li>Kahden vuoden v\u00e4lein puheenjohtajan, sek\u00e4 hallituksen varsinaisten j\u00e4senten ja varaj\u00e4senten valinta, sek\u00e4 hallituksen varsinaisten j\u00e4senten ja varaj\u00e4senten vaali erovuoroisten sijaan.<\/li>\n\n\n\n<li>Kahden tilintarkastajan ja yhden varatilitarkastajan valinta<\/li>\n\n\n\n<li>Kannattavien j\u00e4senten hyv\u00e4ksyminen<\/li>\n\n\n\n<li>J\u00e4senten tekemien muiden esityslistakohtien ja asioiden k\u00e4sitteleminen<\/li>\n\n\n\n<li>Kokouksen p\u00e4\u00e4tt\u00e4minen.<\/li>\n<\/ol>\n<\/div><\/div>\n\n\n\n<p><strong>12. \u00a0Yhdistyksen s\u00e4\u00e4nt\u00f6jen muuttaminen ja yhdistyksen purkaminen<\/strong><\/p>\n\n\n\n<p>Yhdistyksen s\u00e4\u00e4nt\u00f6j\u00e4 voidaan muuttaa tai yhdistys purkaa ainoastaan yhdistyksen kokouksessa. T\u00e4ll\u00f6in s\u00e4\u00e4nt\u00f6jen muutos- taikka purkamisehdotus on esitett\u00e4v\u00e4 kokouskutsussa.<\/p>\n\n\n\n<p>Yhdistyksen s\u00e4\u00e4nt\u00f6jen muuttamiseen ja t\u00e4ydent\u00e4miseen tarvitaan yhdistyksen kokouksen v\u00e4hint\u00e4\u00e4n 2\/3 osan \u00e4\u00e4ntenenemmist\u00f6.<\/p>\n\n\n\n<p>Yhdistyksen purkamiseen tarvitaan kahden per\u00e4tt\u00e4isen yhdistyksen kokouksen p\u00e4\u00e4t\u00f6s. Kummassakin yhdistyksen kokouksessa purkamisen puolesta vaaditaan 2\/3 osaa \u00e4\u00e4nist\u00e4. Kahdesta yhdistyksen kokouksesta toisen on oltava varsinainen yhdistyksen kokous.<\/p>\n\n\n\n<p>Toinen ylim\u00e4\u00e4r\u00e4inen yhdistyksen kokous voidaan kutsua koolle edellisest\u00e4 aikaisintaan 3 kuukauden ja viimeist\u00e4\u00e4n 6 kuukauden kuluessa. T\u00e4m\u00e4 ylim\u00e4\u00e4r\u00e4inen yhdistyksen kokous &#8211; joka on p\u00e4\u00e4t\u00f6svaltainen siit\u00e4 riippumatta kuinka moni j\u00e4sen siihen osallistuu &#8211; voidaan kutsua koolle ainoastaan yht\u00e4 asiaa varten eli yhdistyksen purkamista, mukaan lukien yhdistyksen omaisuudesta ja arkistosta p\u00e4\u00e4tt\u00e4mist\u00e4 varten. Yhdistyksen purkautuessa yhdistyksen omaisuus voidaan k\u00e4ytt\u00e4\u00e4 vain yhdistyksen kokouksen p\u00e4\u00e4t\u00f6ksell\u00e4 yhdistyksen tarkoituksen edist\u00e4miseen.<\/p>\n\n\n\n<p><strong>&nbsp;13. &nbsp;Muuta<\/strong><\/p>\n\n\n\n<p>Kaikissa muissa asioissa sovelletaan Suomen kulloinkin voimassaolevia yhdistyslain ja muiden asianomaisten lakien m\u00e4\u00e4r\u00e4yksi\u00e4.<\/p>\n\n\n\n<p>T\u00e4m\u00e4 asiakirja on samanveroinen unkarikielisen version kanssa.<\/p>\n\n\n\n<p>Helsingiss\u00e4, 24.05.2023<\/p>\n","protected":false},"excerpt":{"rendered":"<p>Finnorsz\u00e1gi Magyarok Egyes\u00fclete &#8211; Suomen Unkarilaisten Yhdistys 2023.05.24 1.Nimi ja kotipaikka Yhdistyksen nimi: Finnorsz\u00e1gi Magyarok Egyes\u00fclete &#8211; Suomen Unkarilaisten Yhdistys Kotipaikka: Helsinki Toiminta-alue: Suomi 2.Toiminnan tarkoitus Yhdistys on Suomen unkarilaisten puoluepoliittisesti riippumaton valtakunnallinen j\u00e4rjest\u00f6. Yhdistyksen tarkoituksena on yhdist\u00e4\u00e4 Suomessa pysyv\u00e4sti tai tilap\u00e4isesti asuvat unkarilaiset sek\u00e4 tarjota omaehtoista mahdollisuutta \u00e4idinkielens\u00e4 ja kulttuurinsa vaalimiseen ja harjoittamiseen sek\u00e4 &hellip; <a href=\"https:\/\/magyarutca.org\/wordpress\/yhdistyksen-saannot\/\" class=\"more-link\">Continue reading <span class=\"screen-reader-text\">Yhdistyksen s\u00e4\u00e4nn\u00f6t<\/span><\/a><\/p>\n","protected":false},"author":1,"featured_media":0,"parent":0,"menu_order":0,"comment_status":"closed","ping_status":"closed","template":"","meta":{"footnotes":""},"class_list":["post-2097","page","type-page","status-publish","hentry"],"_links":{"self":[{"href":"https:\/\/magyarutca.org\/wordpress\/wp-json\/wp\/v2\/pages\/2097","targetHints":{"allow":["GET"]}}],"collection":[{"href":"https:\/\/magyarutca.org\/wordpress\/wp-json\/wp\/v2\/pages"}],"about":[{"href":"https:\/\/magyarutca.org\/wordpress\/wp-json\/wp\/v2\/types\/page"}],"author":[{"embeddable":true,"href":"https:\/\/magyarutca.org\/wordpress\/wp-json\/wp\/v2\/users\/1"}],"replies":[{"embeddable":true,"href":"https:\/\/magyarutca.org\/wordpress\/wp-json\/wp\/v2\/comments?post=2097"}],"version-history":[{"count":3,"href":"https:\/\/magyarutca.org\/wordpress\/wp-json\/wp\/v2\/pages\/2097\/revisions"}],"predecessor-version":[{"id":2138,"href":"https:\/\/magyarutca.org\/wordpress\/wp-json\/wp\/v2\/pages\/2097\/revisions\/2138"}],"wp:attachment":[{"href":"https:\/\/magyarutca.org\/wordpress\/wp-json\/wp\/v2\/media?parent=2097"}],"curies":[{"name":"wp","href":"https:\/\/api.w.org\/{rel}","templated":true}]}}