{"id":21,"date":"2022-07-07T07:45:19","date_gmt":"2022-07-07T07:45:19","guid":{"rendered":"https:\/\/magyarutca.org\/wordpress\/?page_id=21"},"modified":"2025-03-18T03:05:54","modified_gmt":"2025-03-18T03:05:54","slug":"ki-lehet-fme-tag","status":"publish","type":"page","link":"https:\/\/magyarutca.org\/wordpress\/ki-lehet-fme-tag\/","title":{"rendered":"Ki lehet FME tag?"},"content":{"rendered":"\n<h2 class=\"wp-block-heading has-large-font-size\">Kuka voi olla SUY:n j\u00e4sen?                (suomeksi alempana)<\/h2>\n\n\n<p><span style=\"font-size: 14pt;\"><strong><span style=\"font-size: 18pt;\">A jelenlegi (2025) tags\u00e1gi d\u00edjakr\u00f3l:<\/span> \u00a0<\/strong><\/span><\/p>\n<p><strong>A megv\u00e1ltozott egyes\u00fcleti t\u00f6rv\u00e9nynek eleget t\u00e9ve 2024. m\u00e1rcius 31. ut\u00e1n egyes\u00fclet\u00fcnkben megsz\u00fcnik a csal\u00e1di tags\u00e1gi st\u00e1tusz. Helyette egy\u00e9ni (henkil\u00f6kohtainen) tags\u00e1gi st\u00e1tusz l\u00e9p \u00e9rv\u00e9nybe.\u00a0 A csal\u00e1d kiemelt fontoss\u00e1ga miatt aonban az FME tov\u00e1bbra is figyelembe veszi a csal\u00e1di \u00e1llapotot, ez\u00e9rt az \u00e9ves tagd\u00edjak \u00f6sszege a k\u00f6vetkez\u0151k\u00e9ppen alakul:<\/strong><\/p>\n<p><strong>-a<\/strong> <strong>Helsinkiben \u00e9s annak 30 km-es k\u00f6rzet\u00e9ben \u00e9l\u0151k sz\u00e1m\u00e1ra EGY CSAL\u00c1DB\u00d3L AZ ELS\u0150 befizet\u0151\u00a0 egy\u00e9n 25 eur\u00f3,\u00a0 a k\u00f6vetkez\u0151 minden 15 \u00e9vn\u00e9l id\u0151sebb csal\u00e1dtag pedig 5 eur\u00f3.\u00a0 (\u00e9vente)<br \/><\/strong><\/p>\n<p><strong>-a t\u00e1volabb<\/strong> <strong>\u00e9l\u0151k sz\u00e1m\u00e1ra EGY CSAL\u00c1DB\u00d3L AZ ELS\u0150 befizet\u0151\u00a0 egy\u00e9n\u00a0 20 eur\u00f3, a k\u00f6vetkez\u0151 minden 15 \u00e9vn\u00e9l id\u0151sebb csal\u00e1dtag pedig 3 eur\u00f3. (\u00e9vente)<br \/><\/strong><\/p>\n<p><strong>-a nyugd\u00edjas egy\u00e9nek sz\u00e1m\u00e1ra EGY CSAL\u00c1DB\u00d3L AZ ELS\u0150 befizet\u0151\u00a0 egy\u00e9n\u00a0 15\u00a0 eur\u00f3, a k\u00f6vetkez\u0151 minden 15 \u00e9vn\u00e9l id\u0151sebb csal\u00e1dtag pedig 3 eur\u00f3.\u00a0 (\u00e9vente)<br \/><\/strong><\/p>\n<p><strong>-az egyetemist\u00e1k sz\u00e1m\u00e1ra az egy\u00e9ni tagd\u00edj,\u00a0 vagy az EGY CSAL\u00c1DB\u00d3L AZ ELS\u0150 befizet\u0151\u00a0 egy\u00e9n\u00a0 tagd\u00edja 15\u00a0 eur\u00f3, a k\u00f6vetkez\u0151 minden 15 \u00e9vn\u00e9l id\u0151sebb csal\u00e1dtag pedig 3 eur\u00f3. ( \u00e9vente)<br \/><\/strong><\/p>\n<blockquote>\n<p><em>Csal\u00e1dnak a finn t\u00f6rv\u00e9nyek szerint azokat tekintj\u00fck, akik egy fed\u00e9l alatt laknak \u00e9s egy konyh\u00e1r\u00f3l esznek.<\/em><\/p>\n<\/blockquote>\n<blockquote>\n<h4><span style=\"font-size: 18pt;\">FIGYELEM:<\/span>\u00a0 2025 janu\u00e1rj\u00e1t\u00f3l m\u0171k\u00f6dik egy internetes tagd\u00edj befizet\u0151 fel\u00fclet, ahol az egyes\u00fcleti t\u00f6rv\u00e9nynek megfelel\u0151en a nevek mell\u00e9 az e-mail c\u00edmet valamint a lakc\u00edmet is be kell jel\u00f6lni.\u00a0 Az \u0171rlapot itt tal\u00e1lja:<strong><br \/><\/strong><\/h4>\n<p><span style=\"font-size: 26px;\"><a href=\"https:\/\/magyarutca.org\/web\/urlap\/urlap.php\">https:\/\/magyarutca.org\/web\/urlap\/urlap.php<\/a><\/span><\/p>\n<h4><strong>Amennyiben egyes\u00fcleti tag szeretne lenni, <\/strong>az \u0171rlap kit\u00f6lt\u00e9se ut\u00e1n <strong>a\u00a0 lenti sz\u00e1mlasz\u00e1mra kell befizetni az egy <\/strong><strong>napt\u00e1ri \u00e9vre \u00e9rv\u00e9nyes egy\u00e9ni tagd\u00edjakat,\u00a0 <em>minden \u00e9vben legk\u00e9s\u0151bb febru\u00e1r h\u00f3 v\u00e9g\u00e9ig. <\/em><\/strong><\/h4>\n<p><strong><span style=\"font-size: 25px;\">FI50 1011 3000 2200 03\u00a0\u00a0\u00a0 Suomen unkarilaisten yhdistys.<\/span><\/strong><\/p>\n<p style=\"text-align: left;\"><span style=\"font-size: 28px;\">Az \u00e1tutal\u00e1sn\u00e1l az \u00fczenetmez\u0151be felt\u00e9tlen\u00fcl \u00edrja be a nev\u00e9t.<\/span><\/p>\n<\/blockquote>\n<p><span style=\"font-size: 22px;\">Az egyes\u00fcleti tags\u00e1gnak h\u00e1rom form\u00e1ja lehets\u00e9ges:\u00a0<\/span><\/p>\n<p><span style=\"font-size: 20px;\"><span style=\"font-size: 25px;\">3.1<\/span> Az egyes\u00fclet rendes tagja lehet b\u00e1rmely 15. \u00e9let\u00e9v\u00e9t bet\u00f6lt\u00f6tt finnorsz\u00e1gi magyar, vagy a magyar k\u00f6z\u00f6ss\u00e9g \u00e9s a magyar kult\u00fara ir\u00e1nt elk\u00f6telez\u0151d\u00e9st tan\u00fas\u00edt\u00f3 szem\u00e9ly, aki elfogadja az egyes\u00fclet szab\u00e1lyait \u00e9s az egyes\u00fcletnek tagd\u00edjat fizet. Az egyes\u00fcleti tags\u00e1g szem\u00e9lyhez k\u00f6t\u00f6tt, \u00fagy mint a tags\u00e1ghoz kapcsol\u00f3d\u00f3 jogok \u00e9s k\u00f6telezetts\u00e9gek is.<\/span><\/p>\n<p><span style=\"font-size: 20px;\"><span style=\"font-size: 25px;\">3.2<\/span> Az egyes\u00fclet p\u00e1rtol\u00f3 tagja lehet b\u00e1rki, a finnorsz\u00e1gi magyarok \u00e9rdekeit k\u00e9pvisel\u0151 szem\u00e9ly, valamint jogi szem\u00e9ly, ha elfogadja az egyes\u00fclet szab\u00e1lyait \u00e9s valamilyen form\u00e1ban t\u00e1mogatja annak m\u0171k\u00f6d\u00e9s\u00e9t. A p\u00e1rtol\u00f3 tagoknak nincs tagd\u00edj fizet\u00e9si k\u00f6telezetts\u00e9g\u00fck sem szavazati joguk. A \u00a0p\u00e1rtol\u00f3 tagok st\u00e1tusz\u00e1t az eln\u00f6ks\u00e9g hagyja j\u00f3v\u00e1.<\/span><\/p>\n<p><span style=\"font-size: 20px;\"><span style=\"font-size: 25px;\">3.3<\/span> Az egyes\u00fclet k\u00f6zgy\u0171l\u00e9se\u00a0 tiszteletbeli tagnak olyan szem\u00e9lyt h\u00edvhat meg, aki tev\u00e9kenys\u00e9g\u00e9vel k\u00fcl\u00f6n\u00f6s megbecs\u00fcl\u00e9st vagy kiemelked\u0151 \u00e9rdemeket szerzett az egyes\u00fclet m\u0171k\u00f6d\u00e9s\u00e9ben. A tiszteletbeli tagok teljesk\u00f6r\u0171 tags\u00e1gi jogokat \u00e9lveznek. Tiszteletbeli tag szem\u00e9ly\u00e9re b\u00e1rmely rendes tag tehet javaslatot.\u00a0<\/span><\/p>\n\n\n<p>******************   ******************&#8217;<\/p>\n\n\n\n<p class=\"has-large-font-size\"><strong>Hyv\u00e4t SUY:n j\u00e4senet ja kannattajat!<\/strong><\/p>\n\n\n\n<p class=\"has-medium-font-size\"><strong>Vuoden 2025 vuosikokouksemme pidet\u00e4\u00e4n 5. huhtikuuta 2025 klo 14.00 Liszt-instituutissa.<\/strong> <strong>Osoite: Kaisaniemenkatu 10, 00100 Helsinki.&nbsp;<\/strong>                                      Tilaisuus on unkarin kielinen.<\/p>\n\n\n\n<p class=\"has-medium-font-size\"><strong>Tervetuloa!<\/strong><\/p>\n\n\n\n<p class=\"has-medium-font-size\"><strong>Vuoden 2025 j\u00e4senmaksut:<\/strong><\/p>\n\n\n\n<p style=\"font-size:20px\">Suomen yhdistyslakiin mukaisesti perhej\u00e4senyys lakkaa yhdistyksess\u00e4mme 31. maaliskuuta 2024 j\u00e4lkeen. Sen tilalle tulee henkil\u00f6kohtainen j\u00e4senyys. Perheen merkityksen vuoksi FME kuitenkin edelleen ottaa huomioon perhetilanteen, ja vuosittaiset j\u00e4senmaksut m\u00e4\u00e4r\u00e4ytyv\u00e4t seuraavasti:<\/p>\n\n\n\n<p style=\"font-size:20px\">-Helsingiss\u00e4 ja sen 30 km s\u00e4teell\u00e4 asuville: <strong>(<\/strong>Espoo, Vantaa, Kauniainen, Kerava sek\u00e4 Sipoo) PERHEEST\u00c4 ENSIMM\u00c4INEN maksava henkil\u00f6 25 euroa, seuraavat kaikki yli 15-vuotiaat perheenj\u00e4senet 5 euroa (vuosittain).<\/p>\n\n\n\n<p style=\"font-size:20px\">-Kauempana asuville: PERHEEST\u00c4 ENSIMM\u00c4INEN maksava henkil\u00f6 20 euroa, seuraavat kaikki yli 15-vuotiaat perheenj\u00e4senet 3 euroa (vuosittain).<\/p>\n\n\n\n<p style=\"font-size:20px\">-El\u00e4kel\u00e4isille: PERHEEST\u00c4 ENSIMM\u00c4INEN maksava henkil\u00f6 15 euroa, seuraavat kaikki yli 15-vuotiaat perheenj\u00e4senet 3 euroa (vuosittain).<\/p>\n\n\n\n<p style=\"font-size:20px\">-Opiskelijoille: henkil\u00f6kohtainen j\u00e4senmaksu tai PERHEEST\u00c4 ENSIMM\u00c4INEN maksava henkil\u00f6 15 euroa, seuraavat kaikki yli 15-vuotiaat perheenj\u00e4senet 3 euroa (vuosittain).<\/p>\n\n\n\n<p style=\"font-size:20px\">Perheeksi katsotaan Suomen lain mukaan ne henkil\u00f6t, jotka asuvat samassa taloudessa ja jakavat yhteisen ruokatalouden.<\/p>\n\n\n\n<p style=\"font-size:20px\"><strong>HUOMIO:<\/strong> Vuoden 2025 tammikuusta l\u00e4htien toimii <strong>monikielinen<\/strong> verkko lomake j\u00e4senmaksun maksamista varten. (Voit valita kielen oikeasta yl\u00e4kulmasta.)                  Yhdistyslain mukaisesti lomakkeeseen tulee merkit\u00e4 nimi, s\u00e4hk\u00f6postiosoite ja kotiosoite. Lomakkeen l\u00f6yd\u00e4t t\u00e4\u00e4lt\u00e4:<\/p>\n\n\n\n<p style=\"font-size:20px\"><a href=\"https:\/\/magyarutca.org\/web\/urlap\/urlap.php\">https:\/\/magyarutca.org\/web\/urlap\/urlap.php<\/a><\/p>\n\n\n\n<p style=\"font-size:20px\">Jos haluat liitty\u00e4\/jatkaa yhdistyksen j\u00e4seneksi, <strong><em><u>t\u00e4yt\u00e4 lomake <\/u><\/em><\/strong>ja maksa vuosittainen j\u00e4senmaksu alla olevalle tilille viimeist\u00e4\u00e4n maaliskuun loppuun menness\u00e4:<\/p>\n\n\n\n<p style=\"font-size:20px\"><strong>FI50 1011 3000 2200 03<\/strong>    <strong>Suomen unkarilaisten yhdistys<\/strong><\/p>\n\n\n\n<p style=\"font-size:20px\">Maksun viestikentt\u00e4\u00e4n tulee ehdottomasti kirjoittaa oma nimi sek\u00e4 \u201dJasenmaksu 2025\u201d<\/p>\n\n\n\n<p style=\"font-size:20px\"><strong>Yhdistyksen j\u00e4senyyden kolme muotoa:<\/strong><\/p>\n\n\n\n<ol start=\"1\" class=\"wp-block-list\">\n<li><strong>Varsinainen j\u00e4sen:<\/strong> Varsinaiseksi j\u00e4seneksi voi liitty\u00e4 kuka tahansa 15 vuotta t\u00e4ytt\u00e4nyt Suomen unkarilainen tai henkil\u00f6, joka osoittaa sitoutumista unkarilaiseen yhteis\u00f6\u00f6n ja kulttuuriin, hyv\u00e4ksyy yhdistyksen s\u00e4\u00e4nn\u00f6t ja maksaa j\u00e4senmaksun. Yhdistysj\u00e4senyys on henkil\u00f6kohtainen, kuten my\u00f6s siihen liittyv\u00e4t oikeudet ja velvollisuudet.<\/li>\n\n\n\n<li><strong>Kannatusj\u00e4sen:<\/strong> Kannatusj\u00e4seneksi voi liitty\u00e4 kuka tahansa Suomen unkarilaisten etuja ajava henkil\u00f6 tai oikeushenkil\u00f6, joka hyv\u00e4ksyy yhdistyksen s\u00e4\u00e4nn\u00f6t ja tukee sen toimintaa jollakin tavalla. Kannatusj\u00e4senill\u00e4 ei ole j\u00e4senmaksuvelvollisuutta eik\u00e4 \u00e4\u00e4nioikeutta. Kannatusj\u00e4senten aseman hyv\u00e4ksyy hallitus.<\/li>\n\n\n\n<li><strong>Kunniaj\u00e4sen:<\/strong> Yhdistyksen yleiskokous voi kutsua kunniaj\u00e4seneksi henkil\u00f6n, joka on toiminnallaan ansainnut erityist\u00e4 arvostusta tai tehnyt merkitt\u00e4v\u00e4\u00e4 ty\u00f6t\u00e4 yhdistyksen hyv\u00e4ksi. Kunniaj\u00e4senet nauttivat t\u00e4ysim\u00e4\u00e4r\u00e4isist\u00e4 j\u00e4seneduista. Kunniaj\u00e4seneksi voi ehdottaa kuka tahansa varsinainen j\u00e4sen.<\/li>\n<\/ol>\n","protected":false},"excerpt":{"rendered":"<p>Kuka voi olla SUY:n j\u00e4sen? (suomeksi alempana) A jelenlegi (2025) tags\u00e1gi d\u00edjakr\u00f3l: \u00a0 A megv\u00e1ltozott egyes\u00fcleti t\u00f6rv\u00e9nynek eleget t\u00e9ve 2024. m\u00e1rcius 31. ut\u00e1n egyes\u00fclet\u00fcnkben megsz\u00fcnik a csal\u00e1di tags\u00e1gi st\u00e1tusz. Helyette egy\u00e9ni (henkil\u00f6kohtainen) tags\u00e1gi st\u00e1tusz l\u00e9p \u00e9rv\u00e9nybe.\u00a0 A csal\u00e1d kiemelt fontoss\u00e1ga miatt aonban az FME tov\u00e1bbra is figyelembe veszi a csal\u00e1di \u00e1llapotot, ez\u00e9rt az \u00e9ves tagd\u00edjak &hellip; <a href=\"https:\/\/magyarutca.org\/wordpress\/ki-lehet-fme-tag\/\" class=\"more-link\">Continue reading <span class=\"screen-reader-text\">Ki lehet FME tag?<\/span><\/a><\/p>\n","protected":false},"author":1,"featured_media":0,"parent":0,"menu_order":0,"comment_status":"closed","ping_status":"closed","template":"","meta":{"footnotes":""},"class_list":["post-21","page","type-page","status-publish","hentry"],"_links":{"self":[{"href":"https:\/\/magyarutca.org\/wordpress\/wp-json\/wp\/v2\/pages\/21","targetHints":{"allow":["GET"]}}],"collection":[{"href":"https:\/\/magyarutca.org\/wordpress\/wp-json\/wp\/v2\/pages"}],"about":[{"href":"https:\/\/magyarutca.org\/wordpress\/wp-json\/wp\/v2\/types\/page"}],"author":[{"embeddable":true,"href":"https:\/\/magyarutca.org\/wordpress\/wp-json\/wp\/v2\/users\/1"}],"replies":[{"embeddable":true,"href":"https:\/\/magyarutca.org\/wordpress\/wp-json\/wp\/v2\/comments?post=21"}],"version-history":[{"count":31,"href":"https:\/\/magyarutca.org\/wordpress\/wp-json\/wp\/v2\/pages\/21\/revisions"}],"predecessor-version":[{"id":2444,"href":"https:\/\/magyarutca.org\/wordpress\/wp-json\/wp\/v2\/pages\/21\/revisions\/2444"}],"wp:attachment":[{"href":"https:\/\/magyarutca.org\/wordpress\/wp-json\/wp\/v2\/media?parent=21"}],"curies":[{"name":"wp","href":"https:\/\/api.w.org\/{rel}","templated":true}]}}