{"id":2381,"date":"2025-01-22T19:47:11","date_gmt":"2025-01-22T19:47:11","guid":{"rendered":"https:\/\/magyarutca.org\/wordpress\/?page_id=2381"},"modified":"2026-02-12T20:15:57","modified_gmt":"2026-02-12T20:15:57","slug":"aktualis-hirlevelek","status":"publish","type":"page","link":"https:\/\/magyarutca.org\/wordpress\/aktualis-hirlevelek\/","title":{"rendered":"Aktu\u00e1lis h\u00edrlevelek"},"content":{"rendered":"\n<h2 class=\"wp-block-heading\">2026.01.25_<strong>Kedves Finnorsz\u00e1gban \u00c9l\u0151 Magyarok \u00e9s Finn Bar\u00e1taink!<\/strong><\/h2>\n\n\n\n<p>M\u00e1r h\u00e1rom hete benne vagyunk a 2026-os esztend\u0151ben. Mindezzel egy\u00fctt hadd k\u00edv\u00e1njak boldog \u00faj esztend\u0151t a Magyar-lista \u00e9s az FME levelez\u0151lista tagjainak!<\/p>\n\n\n\n<p>A Finnorsz\u00e1gi Magyarok Egyes\u00fclet\u00e9nek (FME) ez az esztend\u0151 is az anyagilag egyre sz\u00fck\u00fcl\u0151 lehet\u0151s\u00e9gek \u00e9ve lesz. Azt hiszem senki el\u0151tt sem titok a finn gazdas\u00e1g jelenlegi katasztrof\u00e1lis helyzete, &nbsp;aminek egyenes k\u00f6vetkezm\u00e9nye az \u00e9letsz\u00ednvonal cs\u00f6kken\u00e9se. Ezut\u00f3bbi pedig mag\u00e1ban foglalja a kultur\u00e1lis elszeg\u00e9nyed\u00e9st is.<\/p>\n\n\n\n<p>Mindezzel egy\u00fctt az FME-ben id\u00e9n is meg szeretn\u00e9nk szervezni legal\u00e1bb a hagyom\u00e1nyoss\u00e1 v\u00e1lt rendezv\u00e9nyeket, t\u00f6bbek k\u00f6z\u00f6tt:<\/p>\n\n\n\n<ul class=\"wp-block-list\">\n<li><strong>Febru\u00e1r 21-\u00e9n<\/strong> a &nbsp;Farsangi \u00e1larcosb\u00e1lt Vant\u00e1ban, a Tixo teremben.<\/li>\n\n\n\n<li><strong>M\u00e1rcius 7-\u00e9n, szombaton<\/strong>: Az FME k\u00f6zgy\u0171l\u00e9se a Liszt Int\u00e9zetben, 14 \u00f3rai kezdettel.<\/li>\n\n\n\n<li><strong>\u00c1prilis 11-\u00e9n (vagy 12-\u00e9n)<\/strong>: A K\u00f6lt\u00e9szet Napj\u00e1n &#8220;Csal\u00e1di versmond\u00f3 d\u00e9lut\u00e1n&#8221; a Liszt Int\u00e9zetben.<\/li>\n\n\n\n<li><strong>\u00c1prilis 6-\u00e1n h\u00fasv\u00e9th\u00e9tf\u0151n<\/strong>: Hagyom\u00e1nyos csal\u00e1di\/csoportos locsol\u00e1s Maunul\u00e1ban.<\/li>\n\n\n\n<li><strong>J\u00fanius 6-\u00e1n<\/strong>: Ny\u00e1rk\u00f6sz\u00f6nt\u0151.<\/li>\n<\/ul>\n\n\n\n<p>Az \u00e9v m\u00e1sodik fel\u00e9ben:<\/p>\n\n\n\n<ul class=\"wp-block-list\">\n<li><strong>Augusztus 16-\u00e1n<\/strong>: GGP Karjaa-ban,<\/li>\n\n\n\n<li>Bef\u0151z\u0151 bemutat\u00f3 Maunul\u00e1ban,<\/li>\n\n\n\n<li>B\u00e1bsz\u00ednh\u00e1z, Katalin-b\u00e1l, stb.<\/li>\n<\/ul>\n\n\n\n<p>Egyel\u0151re ennyit a rendezv\u00e9nyekr\u0151l.<\/p>\n\n\n\n<p><strong>A farsangot id\u00e9n is batyub\u00e1losnak tervezz\u00fck, ott helyben kip\u00f3tolva hagyom\u00e1nyos l\u00e1ngos s\u00fct\u00e9ssel is. <\/strong><strong>A bel\u00e9p\u0151d\u00edjak is persze j\u00f3val kedvez\u0151bbek lesznek mint a vacsor\u00e1s est\u00e9ken.<\/strong> R\u00e9szletekkel hamarosan visszat\u00e9r\u00fcnk.<\/p>\n\n\n\n<p><strong>Az FME egy teljesen p\u00e1rtpolitika mentes egyes\u00fclet,<\/strong> kiz\u00e1r\u00f3lag \u00f6ssz-nemzeti k\u00e9rd\u00e9sekben fogadhatunk el nemzetpolitikai \u00e1ll\u00e1sfoglal\u00e1st.&nbsp;&nbsp;<\/p>\n\n\n\n<p><strong>Az FME tags\u00e1g nem j\u00e1r semmif\u00e9le konkr\u00e9t k\u00f6telezetts\u00e9ggel vagy k\u00f6t\u00f6tts\u00e9ggel, tagjaink a fizet\u0151s rendezv\u00e9nyekn\u00e9l jelent\u0151s kedvezm\u00e9nyben r\u00e9szes\u00fclnek.<br>Arra k\u00e9rj\u00fck mindazokat, akik konkr\u00e9t FME-tags\u00e1gukkal vagy anyagi t\u00e1mogat\u00e1sukkal szeretn\u00e9k seg\u00edteni munk\u00e1nkat, hogy az al\u00e1bbiak szerint befizetett tagd\u00edjjal seg\u00edts\u00e9k a gyakran nem kis k\u00f6lts\u00e9gekkel j\u00e1r\u00f3, mindenki sz\u00e1m\u00e1ra nyitott magyar nyelv\u0171 rendezv\u00e9nyeink megval\u00f3s\u00edt\u00e1s\u00e1t, gyermekeink \u00e9s a magunk magyar nyelvi \u00e9s kultur\u00e1lis \u00e1pol\u00e1s\u00e1t.<\/strong><\/p>\n\n\n\n<p>Az FME tagd\u00edjak a 2025-\u00f6s \u00e9vt\u0151l kezdve m\u00f3dosultak. A csal\u00e1di tags\u00e1gi rendszer a finn egyes\u00fcleti t\u00f6rv\u00e9nyeknek megfelel\u0151en megsz\u0171nt \u00e9s a tov\u00e1bbiakban egy\u00e9ni tags\u00e1gi st\u00e1tuszok vannak.<\/p>\n\n\n\n<p><strong>2026 janu\u00e1rj\u00e1t\u00f3l kezdve a tagd\u00edjakat egy internetes \u0171rlap kit\u00f6lt\u00e9se ut\u00e1n lehet befizetni. Az \u0171rlap itt tal\u00e1lhat\u00f3<\/strong>:&nbsp; &nbsp;&nbsp;<a href=\"https:\/\/magyarutca.org\/web\/urlap\/urlap.php\">https:\/\/magyarutca.org\/web\/urlap\/urlap.php<\/a><\/p>\n\n\n\n<p><strong>A tagd\u00edjak befizet\u00e9s\u00e9n\u00e9l az FME a jut\u00e1nyoss\u00e1g jegy\u00e9ben azonban tov\u00e1bbra is figyelembe veszi a csal\u00e1dokat, \u00edgy egy csal\u00e1d tagd\u00edja a k\u00f6vetkez\u0151k\u00e9ppen alakul:&nbsp;<\/strong><\/p>\n\n\n\n<p>P\u00e9lda: &nbsp;&nbsp;<\/p>\n\n\n\n<p>A Helsinki, Espoo, Vantaa, Kauniainen, Kerava \u00e9s Sipoo v\u00e1rosokban lak\u00f3k eset\u00e9ben (Helsinki 30 km-es k\u00f6rzete) <strong>egy csal\u00e1db\u00f3l az els\u0151 befizet\u0151 \u00e9ves tagd\u00edja 25 eur\u00f3, m\u00edg a tov\u00e1bbi, 15 \u00e9vet bet\u00f6lt\u00f6tt csal\u00e1dtagok\u00e9 fejenk\u00e9nt 5 eur\u00f3.<\/strong><\/p>\n\n\n\n<p>Minden tagd\u00edjat befizetett szem\u00e9ly FME-tags\u00e1gi st\u00e1tusszal rendelkezik \u00e9s \u00edgy kedvezm\u00e9nyekre jogosult, valamint az alapszab\u00e1lynak megfelel\u0151en r\u00e9szt vehet az egyes\u00fclet m\u0171k\u00f6d\u00e9s\u00e9ben. A tagd\u00edj egy napt\u00e1ri \u00e9vre sz\u00f3l, \u00fagy, ahogyan a tags\u00e1gi st\u00e1tusz is.&nbsp;<\/p>\n\n\n\n<p><strong>A tagd\u00edjakr\u00f3l r\u00e9szletes inform\u00e1ci\u00f3k a honlapunkon tal\u00e1lhat\u00f3k:<\/strong><\/p>\n\n\n\n<figure class=\"wp-block-embed is-type-wp-embed is-provider-fme wp-block-embed-fme\"><div class=\"wp-block-embed__wrapper\">\n<blockquote class=\"wp-embedded-content\" data-secret=\"392MiLCqsY\"><a href=\"https:\/\/magyarutca.org\/wordpress\/ki-lehet-fme-tag\/\">Ki lehet FME tag?<\/a><\/blockquote><iframe loading=\"lazy\" class=\"wp-embedded-content\" sandbox=\"allow-scripts\" security=\"restricted\" style=\"position: absolute; visibility: hidden;\" title=\"&#8220;Ki lehet FME tag?&#8221; &#8212; FME\" src=\"https:\/\/magyarutca.org\/wordpress\/ki-lehet-fme-tag\/embed\/#?secret=SaCmaeHZoY#?secret=392MiLCqsY\" data-secret=\"392MiLCqsY\" width=\"600\" height=\"338\" frameborder=\"0\" marginwidth=\"0\" marginheight=\"0\" scrolling=\"no\"><\/iframe>\n<\/div><\/figure>\n\n\n\n<p>Szeretettel k\u00f6sz\u00f6nt\u00fcnk, ha vel\u00fcnk tartasz \u00e9s k\u00f6sz\u00f6nettel nyugt\u00e1zzuk, ha t\u00e1mogatsz benn\u00fcnket, a Finnorsz\u00e1gban \u00e9l\u0151 magyarok k\u00f6z\u00f6ss\u00e9g\u00e9t szolg\u00e1l\u00f3 munk\u00e1nkat!<\/p>\n\n\n\n<p>Honlapunk:&nbsp;&nbsp; <a href=\"http:\/\/www.magyarutca.org\">www.magyarutca.org<\/a><\/p>\n\n\n\n<p>\u00dcdv\u00f6zlettel<\/p>\n\n\n\n<p>az FME eln\u00f6ks\u00e9ge.<\/p>\n\n\n\n<h2 class=\"wp-block-heading\"><strong>2025.01.21<\/strong>_<strong>Kedves Finnorsz\u00e1gban \u00c9l\u0151 Magyarok \u00e9s Finn Bar\u00e1taink! <\/strong><\/h2>\n\n\n\n<p>M\u00e1r h\u00e1rom hete benne vagyunk a 2025-\u00f6s esztend\u0151ben. Mindezzel egy\u00fctt hadd k\u00edv\u00e1njak boldog \u00faj esztend\u0151t a Magyar-lista \u00e9s az FME levelez\u0151lista tagjainak!<\/p>\n\n\n\n<p>A Finnorsz\u00e1gi Magyarok Egyes\u00fclet\u00e9nek (FME) ez az \u00e9v az anyagilag korl\u00e1tozott lehet\u0151s\u00e9gek \u00e9ve lesz, mivel f\u00f6leg a finnorsz\u00e1gi, de a magyarorsz\u00e1gi \u00e1llami szint\u0171 takar\u00e9koss\u00e1gi kamp\u00e1nyok k\u00f6vetkezm\u00e9nyeit sem tudjuk elker\u00fclni.<\/p>\n\n\n\n<p>Mindezzel egy\u00fctt az FME-ben id\u00e9n is meg szeretn\u00e9nk szervezni legal\u00e1bb a hagyom\u00e1nyoss\u00e1 v\u00e1lt rendezv\u00e9nyeket, t\u00f6bbek k\u00f6z\u00f6tt:<\/p>\n\n\n\n<ul class=\"wp-block-list\">\n<li><strong>M\u00e1rcius 1-\u00e9n<\/strong>: Farsangi \u00e1larcosb\u00e1l Vanta\u00e1ban, a Tixo teremben (ott, ahol tavaly is volt).<\/li>\n\n\n\n<li><strong>\u00c1prilis 5-\u00e9n, szombaton<\/strong>: Az FME k\u00f6zgy\u0171l\u00e9se a Liszt Int\u00e9zetben, 14 \u00f3rai kezdettel.<\/li>\n\n\n\n<li><strong>\u00c1prilis 11-\u00e9n (vagy 12-\u00e9n)<\/strong>: A K\u00f6lt\u00e9szet Napj\u00e1n &#8220;Csal\u00e1di versmond\u00f3 d\u00e9lut\u00e1n&#8221; a Liszt Int\u00e9zetben. A szaval\u00f3 gyerekek mell\u00e9 szeretn\u00e9nk megh\u00edvni egy el\u0151ad\u00f3t is, aki J\u00f3zsef Attila 120 \u00e9ves sz\u00fclet\u00e9s\u00e9nek jubileuma alkalm\u00e1b\u00f3l tartana egy irodalmi el\u0151ad\u00e1st.<\/li>\n\n\n\n<li><strong>\u00c1prilis 21-\u00e9n, h\u00fasv\u00e9th\u00e9tf\u0151n<\/strong>: Hagyom\u00e1nyos csal\u00e1di\/csoportos locsol\u00e1s Maunul\u00e1ban.<\/li>\n\n\n\n<li><strong>J\u00fanius 7-\u00e9n<\/strong>: Ny\u00e1rk\u00f6sz\u00f6nt\u0151.<\/li>\n<\/ul>\n\n\n\n<p>Az \u00e9v m\u00e1sodik fel\u00e9ben:<\/p>\n\n\n\n<ul class=\"wp-block-list\">\n<li><strong>Augusztus 16-\u00e1n<\/strong>: GGP Karjaa-ban,<\/li>\n\n\n\n<li>Bef\u0151z\u0151 bemutat\u00f3 Maunul\u00e1ban,<\/li>\n\n\n\n<li>B\u00e1bsz\u00ednh\u00e1z, Katalin-b\u00e1l, stb.<\/li>\n<\/ul>\n\n\n\n<p>Egyel\u0151re ennyit a rendezv\u00e9nyekr\u0151l.<\/p>\n\n\n\n<p><strong>Mint eml\u00edtettem, id\u00e9n anyagilag korl\u00e1tozottabb \u00e9vnek n\u00e9z\u00fcnk el\u00e9be. Ez\u00e9rt p\u00e9ld\u00e1ul a farsangot (is) batyub\u00e1losnak tervezz\u00fck: ennek fej\u00e9ben a bel\u00e9p\u0151d\u00edjak is persze j\u00f3val kedvez\u0151bbek lesznek a tavalyin\u00e1l.<\/strong> R\u00e9szletekkel hamarosan visszat\u00e9r\u00fcnk.<\/p>\n\n\n\n<p><strong>Az FME egy teljesen p\u00e1rtpolitika mentes egyes\u00fclet,<\/strong> kiz\u00e1r\u00f3lag \u00f6ssz-nemzeti k\u00e9rd\u00e9sekben fogadhatunk el nemzetpolitikai \u00e1ll\u00e1sfoglal\u00e1st.&nbsp;&nbsp;<\/p>\n\n\n\n<p><strong>Az FME tags\u00e1g nem j\u00e1r semmif\u00e9le konkr\u00e9t k\u00f6telezetts\u00e9ggel vagy k\u00f6t\u00f6tts\u00e9ggel, tagjaink a fizet\u0151s rendezv\u00e9nyekn\u00e9l jelent\u0151s kedvezm\u00e9nyben r\u00e9szes\u00fclnek.<br>Arra k\u00e9rj\u00fck mindazokat, akik konkr\u00e9t FME-tags\u00e1gukkal vagy anyagi t\u00e1mogat\u00e1sukkal szeretn\u00e9k seg\u00edteni munk\u00e1nkat, hogy az al\u00e1bbiak szerint befizetett tagd\u00edjjal seg\u00edts\u00e9k a gyakran nem kis k\u00f6lts\u00e9gekkel j\u00e1r\u00f3, mindenki sz\u00e1m\u00e1ra nyitott magyar nyelv\u0171 rendezv\u00e9nyeink megval\u00f3s\u00edt\u00e1s\u00e1t, gyermekeink \u00e9s a magunk magyar nyelvi \u00e9s kultur\u00e1lis \u00e1pol\u00e1s\u00e1t.<\/strong><\/p>\n\n\n\n<p>Az FME tagd\u00edjak a 2025-\u00f6s \u00e9vt\u0151l kezdve m\u00f3dosulnak. A csal\u00e1di tags\u00e1gi rendszer a finn egyes\u00fcleti t\u00f6rv\u00e9nyeknek megfelel\u0151en megsz\u0171nik, \u00e9s a tov\u00e1bbiakban egy\u00e9ni tags\u00e1gi st\u00e1tuszok lesznek.<\/p>\n\n\n\n<p><strong>2025 janu\u00e1rj\u00e1t\u00f3l kezdve a tagd\u00edjakat egy internetes \u0171rlap kit\u00f6lt\u00e9se ut\u00e1n lehet befizetni. Az \u0171rlap itt tal\u00e1lhat\u00f3<\/strong>:&nbsp; &nbsp;&nbsp;<a href=\"https:\/\/magyarutca.org\/web\/urlap\/urlap.php\">https:\/\/magyarutca.org\/web\/urlap\/urlap.php<\/a><\/p>\n\n\n\n<p><strong>A tagd\u00edjak befizet\u00e9s\u00e9n\u00e9l az FME a jut\u00e1nyoss\u00e1g jegy\u00e9ben azonban tov\u00e1bbra is figyelembe veszi a csal\u00e1dokat, \u00edgy egy csal\u00e1d tagd\u00edja a k\u00f6vetkez\u0151k\u00e9ppen alakul:&nbsp;<\/strong><\/p>\n\n\n\n<p>P\u00e9lda: &nbsp;&nbsp;<\/p>\n\n\n\n<p>A Helsinki, Espoo, Vantaa, Kauniainen, Kerava \u00e9s Sipoo v\u00e1rosokban lak\u00f3k eset\u00e9ben (Helsinki 30 km-es k\u00f6rzete) <strong>egy csal\u00e1db\u00f3l az els\u0151 befizet\u0151 \u00e9ves tagd\u00edja 25 eur\u00f3, m\u00edg a tov\u00e1bbi, 15 \u00e9vet bet\u00f6lt\u00f6tt csal\u00e1dtagok\u00e9 fejenk\u00e9nt 5 eur\u00f3.<\/strong><\/p>\n\n\n\n<p>Minden tagd\u00edjat befizetett szem\u00e9ly FME-tags\u00e1gi st\u00e1tusszal rendelkezik \u00e9s \u00edgy kedvezm\u00e9nyekre jogosult, valamint az alapszab\u00e1lynak megfelel\u0151en r\u00e9szt vehet az egyes\u00fclet m\u0171k\u00f6d\u00e9s\u00e9ben.<\/p>\n\n\n\n<p><strong>A tagd\u00edjakr\u00f3l r\u00e9szletes inform\u00e1ci\u00f3k a honlapunkon itt tal\u00e1lhat\u00f3k:<\/strong><\/p>\n\n\n\n<figure class=\"wp-block-embed is-type-wp-embed is-provider-fme wp-block-embed-fme\"><div class=\"wp-block-embed__wrapper\">\n<blockquote class=\"wp-embedded-content\" data-secret=\"392MiLCqsY\"><a href=\"https:\/\/magyarutca.org\/wordpress\/ki-lehet-fme-tag\/\">Ki lehet FME tag?<\/a><\/blockquote><iframe loading=\"lazy\" class=\"wp-embedded-content\" sandbox=\"allow-scripts\" security=\"restricted\" style=\"position: absolute; visibility: hidden;\" title=\"&#8220;Ki lehet FME tag?&#8221; &#8212; FME\" src=\"https:\/\/magyarutca.org\/wordpress\/ki-lehet-fme-tag\/embed\/#?secret=SaCmaeHZoY#?secret=392MiLCqsY\" data-secret=\"392MiLCqsY\" width=\"600\" height=\"338\" frameborder=\"0\" marginwidth=\"0\" marginheight=\"0\" scrolling=\"no\"><\/iframe>\n<\/div><\/figure>\n\n\n\n<p>Szeretettel k\u00f6sz\u00f6nt\u00fcnk, ha vel\u00fcnk tartasz \u00e9s k\u00f6sz\u00f6nettel nyugt\u00e1zzuk, ha t\u00e1mogatsz benn\u00fcnket, a Finnorsz\u00e1gban \u00e9l\u0151 magyarok k\u00f6z\u00f6ss\u00e9g\u00e9t szolg\u00e1l\u00f3 munk\u00e1nkat!<\/p>\n\n\n\n<p>Honlapunk:&nbsp;&nbsp; <a href=\"http:\/\/www.magyarutca.org\">www.magyarutca.org<\/a><\/p>\n\n\n\n<p>\u00dcdv\u00f6zlettel az FME eln\u00f6ks\u00e9ge.<\/p>\n\n\n\n<h2 class=\"wp-block-heading\"><strong>Hyv\u00e4t Suomessa asuvat unkarilaiset ja suomalaiset yst\u00e4v\u00e4mme! 2025.01.21.<\/strong><\/h2>\n\n\n\n<p>Olemme olleet vuoden 2025 ensimm\u00e4iset kolme viikkoa jo matkassa, ja haluamme toivottaa kaikille hyv\u00e4\u00e4 ja onnellista uutta vuotta niin Magyar-listan kuin SUY:n (FME:n) s\u00e4hk\u00f6postilistan j\u00e4senille!<\/p>\n\n\n\n<p>Suomen unkarilaisten yhdistys (SUY)&nbsp; kohtaa my\u00f6s t\u00e4n\u00e4 vuonna taloudellisia haasteita, johtuen p\u00e4\u00e4osin Suomen, mutta osittain my\u00f6s Unkarin valtiollisista s\u00e4\u00e4st\u00f6toimista, joiden vaikutuksia emme voi v\u00e4ltt\u00e4\u00e4. T\u00e4st\u00e4 huolimatta SUY pyrkii j\u00e4rjest\u00e4m\u00e4\u00e4n t\u00e4n\u00e4kin vuonna ainakin perinteisiksi muodostuneet tapahtumat, kuten:<\/p>\n\n\n\n<ul class=\"wp-block-list\">\n<li><strong>1. maaliskuuta<\/strong>: Laskiaisjuhla &#8211; naamiaisjuhla Vantaalla, Tixo-salissa (samassa paikassa kuin viime vuonna).<\/li>\n\n\n\n<li><strong>5. huhtikuuta, lauantaina<\/strong>: FME:n vuosikokous Liszt-instituutissa alkaen klo 14:00.<\/li>\n\n\n\n<li><strong>11. (tai 12.) huhtikuuta<\/strong>: &#8220;Perheiden runonlausuntailtap\u00e4iv\u00e4&#8221; Liszt-instituutissa runouden p\u00e4iv\u00e4n kunniaksi. Lausuvien lasten lis\u00e4ksi haluaisimme kutsua esiintyj\u00e4n, joka pit\u00e4isi kirjallisen esitelm\u00e4n Attila J\u00f3zsefin 120-vuotisjuhlavuoden kunniaksi.<\/li>\n\n\n\n<li><strong>21. huhtikuuta, p\u00e4\u00e4si\u00e4ismaanantaina<\/strong>: Perinteinen perhe-\/ryhm\u00e4muotoinen kastelutapahtuma Maunulassa.<\/li>\n\n\n\n<li><strong>7. kes\u00e4kuuta<\/strong>: Kes\u00e4navaus.<\/li>\n<\/ul>\n\n\n\n<p>Vuoden toisella puoliskolla:<\/p>\n\n\n\n<ul class=\"wp-block-list\">\n<li><strong>16. elokuuta<\/strong>: GGP (Gulas Grand Prix) Karjaalla,<\/li>\n\n\n\n<li>Hillonvalmistusesittely Maunulassa,<\/li>\n\n\n\n<li>Nukketeatteri,&nbsp; Katalin-juhla jne.<\/li>\n<\/ul>\n\n\n\n<p>Kuten mainitsin, t\u00e4m\u00e4 vuosi tulee olemaan taloudellisesti rajoittuneempi. Esimerkiksi naamiaisjuhlasta suunnittelemme&nbsp; nyyttikestit-tyylist\u00e4 tapahtumaa: t\u00e4m\u00e4n ansiosta p\u00e4\u00e4symaksut tulee olemaan&nbsp; huomattavasti edullisemmat kuin viime vuonna. Lis\u00e4tietoja on tulossa pian.<\/p>\n\n\n\n<p><strong>SUY on t\u00e4ysin puoluepoliittisesti sitoutumaton yhdistys, joka voi ottaa kantaa vain kansallisiin kysymyksiin.<\/strong><\/p>\n\n\n\n<p><strong>SUY:n j\u00e4senyys ei aiheuta konkreettisia velvoitteita tai sitoumuksia, mutta maksullisiin tapahtumiin osallistuvat j\u00e4senet saavat merkitt\u00e4vi\u00e4 alennuksia.<\/strong><\/p>\n\n\n\n<p><strong>Pyyd\u00e4mme kaikkia, jotka haluavat tukea toimintaamme joko SUY -j\u00e4senyydell\u00e4\u00e4n tai taloudellisella tuellaan, maksamaan j\u00e4senmaksunsa.&nbsp; T\u00e4m\u00e4 tuki auttaa meit\u00e4 kattamaan usein merkitt\u00e4vi\u00e4 kuluja, jotka liittyv\u00e4t kaikille avoimien tapahtumien j\u00e4rjest\u00e4miseen sek\u00e4 lastemme ja itsemme unkarilaisen kielen ja kulttuurin vaalimiseen.<\/strong><\/p>\n\n\n\n<p><strong>Vuodesta 2025 alkaen SUY:n j\u00e4senmaksuk\u00e4yt\u00e4nn\u00f6t muuttuvat. Perhekohtainen j\u00e4senyys p\u00e4\u00e4ttyy Suomen yhdistyslain mukaisesti, ja jatkossa k\u00e4yt\u00f6ss\u00e4 on yksil\u00f6j\u00e4senyys.<\/strong><\/p>\n\n\n\n<p><strong>Tammikuusta 2025 alkaen j\u00e4senmaksut voidaan maksaa verkkolomakkeen t\u00e4ytt\u00e4misen j\u00e4lkeen.<\/strong> Lomake l\u00f6ytyy t\u00e4\u00e4lt\u00e4:&nbsp;&nbsp; <a href=\"https:\/\/magyarutca.org\/web\/urlap\/urlap.php\">https:\/\/magyarutca.org\/web\/urlap\/urlap.php<\/a><\/p>\n\n\n\n<p>J\u00e4senmaksuissa SUY huomioi perheiden tilanteet edelleen reiluuden hengess\u00e4. Esimerkiksi:<\/p>\n\n\n\n<p>Helsingin, Espoon, Vantaan, Kauniaisten, Keravan ja Sipoon alueella asuvien (Helsingin 30 km:n s\u00e4teell\u00e4) yhden perheen ensimm\u00e4isen maksajan vuotuinen j\u00e4senmaksu on <strong>25 euroa<\/strong>, ja jokaisen muun yli 15-vuotiaan perheenj\u00e4senen maksu on <strong>5 euroa<\/strong>.<\/p>\n\n\n\n<p>Kaikki j\u00e4senmaksun maksaneet henkil\u00f6t saavat SUY-j\u00e4senyyden, joka oikeuttaa alennuksiin ja mahdollistaa yhdistyksen toimintaan osallistumisen yhdistyksen s\u00e4\u00e4nn\u00f6n mukaisesti.<\/p>\n\n\n\n<p>Toivotamme sinut l\u00e4mpim\u00e4sti tervetulleeksi mukaan toimintaan, ja kiit\u00e4mme tuestasi unkarilais \u2013 suomalaisen yhteis\u00f6n palvelemisessa!<\/p>\n\n\n\n<p>Verkkosivumme: <a href=\"http:\/\/www.magyarutca.org\">www.magyarutca.org<\/a><\/p>\n\n\n\n<p>Yst\u00e4v\u00e4llisin terveisin,<\/p>\n\n\n\n<p>SUY:n hallitus<\/p>\n\n\n\n<h2 class=\"wp-block-heading\"><\/h2>\n","protected":false},"excerpt":{"rendered":"<p>2026.01.25_Kedves Finnorsz\u00e1gban \u00c9l\u0151 Magyarok \u00e9s Finn Bar\u00e1taink! M\u00e1r h\u00e1rom hete benne vagyunk a 2026-os esztend\u0151ben. Mindezzel egy\u00fctt hadd k\u00edv\u00e1njak boldog \u00faj esztend\u0151t a Magyar-lista \u00e9s az FME levelez\u0151lista tagjainak! A Finnorsz\u00e1gi Magyarok Egyes\u00fclet\u00e9nek (FME) ez az esztend\u0151 is az anyagilag egyre sz\u00fck\u00fcl\u0151 lehet\u0151s\u00e9gek \u00e9ve lesz. Azt hiszem senki el\u0151tt sem titok a finn gazdas\u00e1g jelenlegi &hellip; <a href=\"https:\/\/magyarutca.org\/wordpress\/aktualis-hirlevelek\/\" class=\"more-link\">Continue reading <span class=\"screen-reader-text\">Aktu\u00e1lis h\u00edrlevelek<\/span><\/a><\/p>\n","protected":false},"author":5,"featured_media":0,"parent":0,"menu_order":0,"comment_status":"closed","ping_status":"closed","template":"","meta":{"footnotes":""},"class_list":["post-2381","page","type-page","status-publish","hentry"],"_links":{"self":[{"href":"https:\/\/magyarutca.org\/wordpress\/wp-json\/wp\/v2\/pages\/2381","targetHints":{"allow":["GET"]}}],"collection":[{"href":"https:\/\/magyarutca.org\/wordpress\/wp-json\/wp\/v2\/pages"}],"about":[{"href":"https:\/\/magyarutca.org\/wordpress\/wp-json\/wp\/v2\/types\/page"}],"author":[{"embeddable":true,"href":"https:\/\/magyarutca.org\/wordpress\/wp-json\/wp\/v2\/users\/5"}],"replies":[{"embeddable":true,"href":"https:\/\/magyarutca.org\/wordpress\/wp-json\/wp\/v2\/comments?post=2381"}],"version-history":[{"count":8,"href":"https:\/\/magyarutca.org\/wordpress\/wp-json\/wp\/v2\/pages\/2381\/revisions"}],"predecessor-version":[{"id":2599,"href":"https:\/\/magyarutca.org\/wordpress\/wp-json\/wp\/v2\/pages\/2381\/revisions\/2599"}],"wp:attachment":[{"href":"https:\/\/magyarutca.org\/wordpress\/wp-json\/wp\/v2\/media?parent=2381"}],"curies":[{"name":"wp","href":"https:\/\/api.w.org\/{rel}","templated":true}]}}