{"id":24,"date":"2022-07-07T09:25:28","date_gmt":"2022-07-07T09:25:28","guid":{"rendered":"https:\/\/magyarutca.org\/wordpress\/?page_id=24"},"modified":"2022-07-16T20:12:30","modified_gmt":"2022-07-16T20:12:30","slug":"visszatekinto","status":"publish","type":"page","link":"https:\/\/magyarutca.org\/wordpress\/visszatekinto\/","title":{"rendered":"Visszatekint\u0151"},"content":{"rendered":"<ul class=\"display-posts-listing\"><li class=\"listing-item\"><a class=\"title\" href=\"https:\/\/magyarutca.org\/wordpress\/blog\/2025-12-14_karacsonyi-vasar\/\">2025.12.14_Kar\u00e1csonyi v\u00e1s\u00e1r<\/a><\/li><li class=\"listing-item\"><a class=\"title\" href=\"https:\/\/magyarutca.org\/wordpress\/blog\/2025-11-22_katalin-bal\/\">2025.11.22_Katalin-b\u00e1l<\/a><\/li><li class=\"listing-item\"><a class=\"title\" href=\"https:\/\/magyarutca.org\/wordpress\/blog\/a-nepszeru-buvesz-richard-davidson-ismet-finnorszagban\/\">2025.11.08-09_A n\u00e9pszer\u0171 b\u0171v\u00e9sz Richard Davidson  ism\u00e9t Finnorsz\u00e1gban<\/a><\/li><li class=\"listing-item\"><a class=\"title\" href=\"https:\/\/magyarutca.org\/wordpress\/blog\/2025-08-16_xxiv-gulyas-grand-prix-ggp\/\">2025.08.16_XXIV. Guly\u00e1s Grand Prix (GGP)<\/a><\/li><li class=\"listing-item\"><a class=\"title\" href=\"https:\/\/magyarutca.org\/wordpress\/blog\/2025-06-07-_nyarkoszonto\/\">2025.06.07_Ny\u00e1rk\u00f6sz\u00f6nt\u0151<\/a><\/li><li class=\"listing-item\"><a class=\"title\" href=\"https:\/\/magyarutca.org\/wordpress\/blog\/2025-05-04_-anyak-napi-dalolo-helsinkiben\/\">2025.05.04_ Any\u00e1k napi dalol\u00f3 Helsinkiben<\/a><\/li><li class=\"listing-item\"><a class=\"title\" href=\"https:\/\/magyarutca.org\/wordpress\/blog\/2025-04-27_jozsef-attila-est-turkuban\/\">2025.04.27_J\u00f3zsef Attila est Turkuban<\/a><\/li><li class=\"listing-item\"><a class=\"title\" href=\"https:\/\/magyarutca.org\/wordpress\/blog\/2025-04-26_jozsef-attila-est\/\">2025.04.26_J\u00f3zsef Attila est<\/a><\/li><li class=\"listing-item\"><a class=\"title\" href=\"https:\/\/magyarutca.org\/wordpress\/blog\/2025-04-21_husveti-locsolas\/\">2025.04.21_H\u00fasv\u00e9ti Locsol\u00e1s<\/a><\/li><li class=\"listing-item\"><a class=\"title\" href=\"https:\/\/magyarutca.org\/wordpress\/blog\/2025-04-19_tojasfestes-a-husvet-jegyeben-kezmuves-delutan-espooban\/\">2025.04.19_Toj\u00e1sfest\u00e9s a h\u00fasv\u00e9t jegy\u00e9ben \u2013 K\u00e9zm\u0171ves d\u00e9lut\u00e1n Espooban<\/a><\/li><li class=\"listing-item\"><a class=\"title\" href=\"https:\/\/magyarutca.org\/wordpress\/blog\/2025-04-05_fme-kozgyules\/\">2025.04.05_FME k\u00f6zgy\u0171l\u00e9s<\/a><\/li><li class=\"listing-item\"><a class=\"title\" href=\"https:\/\/magyarutca.org\/wordpress\/blog\/2025-03-08-magyartanarok-tovabbkepzese\/\">2025.03.08 Magyartan\u00e1rok tov\u00e1bbk\u00e9pz\u00e9se<\/a><\/li><li class=\"listing-item\"><a class=\"title\" href=\"https:\/\/magyarutca.org\/wordpress\/blog\/2025-marcius-1_farsangi-bal\/\">2025.03.01. Farsangi b\u00e1l besz\u00e1mol\u00f3<\/a><\/li><li class=\"listing-item\"><a class=\"title\" href=\"https:\/\/magyarutca.org\/wordpress\/blog\/2025-03-01_farsang\/\">2025.03.01_Farsang<\/a><\/li><li class=\"listing-item\"><a class=\"title\" href=\"https:\/\/magyarutca.org\/wordpress\/blog\/2024-12-01-karacsonyi-vasar\/\">2024.12.01 Kar\u00e1csonyi v\u00e1s\u00e1r<\/a><\/li><li class=\"listing-item\"><a class=\"title\" href=\"https:\/\/magyarutca.org\/wordpress\/blog\/2024-11-23-katalin-napi-bal\/\">2024.11.23 Katalin-napi b\u00e1l<\/a><\/li><li class=\"listing-item\"><a class=\"title\" href=\"https:\/\/magyarutca.org\/wordpress\/blog\/2024-11-09_wass-albert-est\/\">2024.11.09 Wass Albert est<\/a><\/li><li class=\"listing-item\"><a class=\"title\" href=\"https:\/\/magyarutca.org\/wordpress\/blog\/2024-10-18-tanchaz-a-tatros-zenekar-elozenejevel\/\">2024.10.18 T\u00e1nch\u00e1z a Tatros zenekar \u00e9l\u0151 zen\u00e9j\u00e9vel<\/a><\/li><li class=\"listing-item\"><a class=\"title\" href=\"https:\/\/magyarutca.org\/wordpress\/blog\/2024-08-17-gulyas-grand-prix-ggp\/\">2024.08.17 A finnorsz\u00e1gi magyarok orsz\u00e1gos tal\u00e1lkoz\u00f3ja &#8211; Guly\u00e1s Grand Prix (GGP)<\/a><\/li><li class=\"listing-item\"><a class=\"title\" href=\"https:\/\/magyarutca.org\/wordpress\/blog\/2024-06-08-nyarkoszonto\/\">2024.06.08 Ny\u00e1rk\u00f6sz\u00f6nt\u0151 \u2013 a d\u00e9l-finnorsz\u00e1gi magyarok tal\u00e1lkoz\u00f3ja<\/a><\/li><\/ul><nav class=\"display-posts-pagination\" role=\"navigation\"><h2 class=\"screen-reader-text\">Navigation<\/h2><div class=\"nav-links\"><span aria-current=\"page\" class=\"page-numbers current\">1<\/span>\n<a class=\"page-numbers\" href=\"https:\/\/magyarutca.org\/wordpress\/wp-json\/wp\/v2\/pages\/24\/?dps_paged=2\">2<\/a>\n<a class=\"page-numbers\" href=\"https:\/\/magyarutca.org\/wordpress\/wp-json\/wp\/v2\/pages\/24\/?dps_paged=3\">3<\/a>\n<span class=\"page-numbers dots\">&hellip;<\/span>\n<a class=\"page-numbers\" href=\"https:\/\/magyarutca.org\/wordpress\/wp-json\/wp\/v2\/pages\/24\/?dps_paged=11\">11<\/a>\n<a class=\"next page-numbers\" href=\"https:\/\/magyarutca.org\/wordpress\/wp-json\/wp\/v2\/pages\/24\/?dps_paged=2\">K\u00f6vetkez\u0151<\/a><\/div><\/nav>\n","protected":false},"excerpt":{"rendered":"","protected":false},"author":1,"featured_media":0,"parent":0,"menu_order":0,"comment_status":"closed","ping_status":"closed","template":"","meta":{"footnotes":""},"class_list":["post-24","page","type-page","status-publish","hentry"],"_links":{"self":[{"href":"https:\/\/magyarutca.org\/wordpress\/wp-json\/wp\/v2\/pages\/24","targetHints":{"allow":["GET"]}}],"collection":[{"href":"https:\/\/magyarutca.org\/wordpress\/wp-json\/wp\/v2\/pages"}],"about":[{"href":"https:\/\/magyarutca.org\/wordpress\/wp-json\/wp\/v2\/types\/page"}],"author":[{"embeddable":true,"href":"https:\/\/magyarutca.org\/wordpress\/wp-json\/wp\/v2\/users\/1"}],"replies":[{"embeddable":true,"href":"https:\/\/magyarutca.org\/wordpress\/wp-json\/wp\/v2\/comments?post=24"}],"version-history":[{"count":33,"href":"https:\/\/magyarutca.org\/wordpress\/wp-json\/wp\/v2\/pages\/24\/revisions"}],"predecessor-version":[{"id":1201,"href":"https:\/\/magyarutca.org\/wordpress\/wp-json\/wp\/v2\/pages\/24\/revisions\/1201"}],"wp:attachment":[{"href":"https:\/\/magyarutca.org\/wordpress\/wp-json\/wp\/v2\/media?parent=24"}],"curies":[{"name":"wp","href":"https:\/\/api.w.org\/{rel}","templated":true}]}}