{"id":30,"date":"2022-07-07T09:58:01","date_gmt":"2022-07-07T09:58:01","guid":{"rendered":"https:\/\/magyarutca.org\/wordpress\/?page_id=30"},"modified":"2026-03-02T13:31:59","modified_gmt":"2026-03-02T13:31:59","slug":"programok","status":"publish","type":"page","link":"https:\/\/magyarutca.org\/wordpress\/programok\/","title":{"rendered":"K\u00f6vetkez\u0151 rendezv\u00e9nyeink"},"content":{"rendered":"\n<h3 class=\"wp-block-heading\"><strong>Szab\u00e1lyos id<strong>\u0151<\/strong>k\u00f6z\u00f6kben ism\u00e9tl<strong>\u0151<\/strong>d<strong>\u0151<\/strong>k:<\/strong><\/h3>\n\n\n\n<h4 class=\"wp-block-heading has-text-align-left\"> <a href=\"https:\/\/magyarutca.org\/wordpress\/magyar-nyelvu-istentisztelet\/\">Magyar nyelv\u0171 istentiszteletek<\/a><\/h4>\n\n\n\n<h4 class=\"wp-block-heading has-text-align-left\"><a href=\"https:\/\/magyarutca.org\/wordpress\/tanchaz\/\">T\u00e1nch\u00e1z<\/a><\/h4>\n\n\n\n<p><\/p>\n\n\n\n<h4 class=\"wp-block-heading\"><a href=\"https:\/\/magyarutca.org\/wordpress\/?page_id=1634\" data-type=\"page\" data-id=\"1634\">Zen\u00e9s foglalkoz\u00e1sok kicsiknek \u00e9s nagyoknak<\/a><\/h4>\n\n\n\n<p><\/p>\n\n\n\n<h4 class=\"wp-block-heading\">Sakk \u00e9s t\u00e1rsasj\u00e1t\u00e9k estek<\/h4>\n\n\n\n<p class=\"has-medium-font-size\"><\/p>\n\n\n\n<p><\/p>\n\n\n<p class=\"fonts-plugin-block \" style=\"font-size: 29px;line-height: 1.8;color: #111\"><\/p>\n\n\n<p><\/p>\n\n\n\n\n\n\n<p style=\"font-size:29px\"><strong>2026-ban esed\u00e9kes rendezv\u00e9nyeink:<\/strong><\/p>\n\n\n<ul class=\"display-posts-listing\"><li class=\"listing-item\"><a class=\"title\" href=\"https:\/\/magyarutca.org\/wordpress\/blog\/2026-02-21_farsang\/\">2026.02.21_Farsang<\/a><\/li><li class=\"listing-item\"><a class=\"title\" href=\"https:\/\/magyarutca.org\/wordpress\/blog\/2026-03-07_fme-eves-kozgyules\/\">2026.03.07_FME \u00e9ves k\u00f6zgy\u00fcl\u00e9s<\/a><\/li><li class=\"listing-item\"><a class=\"title\" href=\"https:\/\/magyarutca.org\/wordpress\/blog\/2026-04-06_husvet-hetfon-csaladi-csoportos-locsolas-maunulaban\/\">2026.04.06_H\u00fasv\u00e9t h\u00e9tf\u0151n csal\u00e1di \/ csoportos locsol\u00e1s Maunul\u00e1ban<\/a><\/li><li class=\"listing-item\"><a class=\"title\" href=\"https:\/\/magyarutca.org\/wordpress\/blog\/2026-04-12_a-kolteszet-napja-alkalmabol-csaladi-versmondo-delutan-a-liszt-intezetben\/\">2026.04.12_A versmond\u00f3 d\u00e9lut\u00e1n a Liszt int\u00e9zetben elmarad.<\/a><\/li><li class=\"listing-item\"><a class=\"title\" href=\"https:\/\/magyarutca.org\/wordpress\/blog\/2026-06-06_nyarkoszonto\/\">2026.06.06_Ny\u00e1rk\u00f6sz\u00f6nt\u0151<\/a><\/li><li class=\"listing-item\"><a class=\"title\" href=\"https:\/\/magyarutca.org\/wordpress\/blog\/2026-08-15-xxv-gulyas-grand-prix-ggp\/\">2026.08.15 XXV. Guly\u00e1s Grand Prix (GGP)<\/a><\/li><\/ul>\n\n\n\n<p><\/p>\n","protected":false},"excerpt":{"rendered":"<p>Szab\u00e1lyos id\u0151k\u00f6z\u00f6kben ism\u00e9tl\u0151d\u0151k: Magyar nyelv\u0171 istentiszteletek T\u00e1nch\u00e1z Zen\u00e9s foglalkoz\u00e1sok kicsiknek \u00e9s nagyoknak Sakk \u00e9s t\u00e1rsasj\u00e1t\u00e9k estek 2026-ban esed\u00e9kes rendezv\u00e9nyeink:<\/p>\n","protected":false},"author":1,"featured_media":0,"parent":0,"menu_order":0,"comment_status":"closed","ping_status":"closed","template":"","meta":{"footnotes":""},"class_list":["post-30","page","type-page","status-publish","hentry"],"_links":{"self":[{"href":"https:\/\/magyarutca.org\/wordpress\/wp-json\/wp\/v2\/pages\/30","targetHints":{"allow":["GET"]}}],"collection":[{"href":"https:\/\/magyarutca.org\/wordpress\/wp-json\/wp\/v2\/pages"}],"about":[{"href":"https:\/\/magyarutca.org\/wordpress\/wp-json\/wp\/v2\/types\/page"}],"author":[{"embeddable":true,"href":"https:\/\/magyarutca.org\/wordpress\/wp-json\/wp\/v2\/users\/1"}],"replies":[{"embeddable":true,"href":"https:\/\/magyarutca.org\/wordpress\/wp-json\/wp\/v2\/comments?post=30"}],"version-history":[{"count":87,"href":"https:\/\/magyarutca.org\/wordpress\/wp-json\/wp\/v2\/pages\/30\/revisions"}],"predecessor-version":[{"id":2631,"href":"https:\/\/magyarutca.org\/wordpress\/wp-json\/wp\/v2\/pages\/30\/revisions\/2631"}],"wp:attachment":[{"href":"https:\/\/magyarutca.org\/wordpress\/wp-json\/wp\/v2\/media?parent=30"}],"curies":[{"name":"wp","href":"https:\/\/api.w.org\/{rel}","templated":true}]}}