{"id":41,"date":"2022-07-07T10:50:35","date_gmt":"2022-07-07T10:50:35","guid":{"rendered":"https:\/\/magyarutca.org\/wordpress\/?page_id=41"},"modified":"2022-08-08T19:07:22","modified_gmt":"2022-08-08T19:07:22","slug":"egyesuleti-archivum","status":"publish","type":"page","link":"https:\/\/magyarutca.org\/wordpress\/egyesuleti-archivum\/","title":{"rendered":"Egyes\u00fcleti arch\u00edvum"},"content":{"rendered":"<ul class=\"display-posts-listing\"><li class=\"listing-item\"><a class=\"title\" href=\"https:\/\/magyarutca.org\/wordpress\/blog\/korlevelek\/\">K\u00f6rlevelek<\/a> <span class=\"category-display\"><span class=\"category-display-label\">Posted in:<\/span> <a href=\"https:\/\/magyarutca.org\/wordpress\/blog\/category\/archivum\/\">Arch\u00edvum<\/a><\/span><\/li><li class=\"listing-item\"><a class=\"title\" href=\"https:\/\/magyarutca.org\/wordpress\/blog\/fme-kozgyulesenek-jegyzokonyve-2016\/\">2016.01.16_FME k\u00f6zgy\u0171l\u00e9s\u00e9nek jegyz\u0151k\u00f6nyve 2016<\/a> <span class=\"category-display\"><span class=\"category-display-label\">Posted in:<\/span> <a href=\"https:\/\/magyarutca.org\/wordpress\/blog\/category\/archivum\/korlevelek\/\">K\u00f6rlevelek<\/a>, <a href=\"https:\/\/magyarutca.org\/wordpress\/blog\/category\/nyilvanos-dokumentumok\/\">Nyilv\u00e1nos dokumentumok<\/a><\/span><\/li><\/ul>\n\n\n\n<p><\/p>\n","protected":false},"excerpt":{"rendered":"","protected":false},"author":1,"featured_media":0,"parent":0,"menu_order":0,"comment_status":"closed","ping_status":"closed","template":"","meta":{"footnotes":""},"class_list":["post-41","page","type-page","status-publish","hentry"],"_links":{"self":[{"href":"https:\/\/magyarutca.org\/wordpress\/wp-json\/wp\/v2\/pages\/41","targetHints":{"allow":["GET"]}}],"collection":[{"href":"https:\/\/magyarutca.org\/wordpress\/wp-json\/wp\/v2\/pages"}],"about":[{"href":"https:\/\/magyarutca.org\/wordpress\/wp-json\/wp\/v2\/types\/page"}],"author":[{"embeddable":true,"href":"https:\/\/magyarutca.org\/wordpress\/wp-json\/wp\/v2\/users\/1"}],"replies":[{"embeddable":true,"href":"https:\/\/magyarutca.org\/wordpress\/wp-json\/wp\/v2\/comments?post=41"}],"version-history":[{"count":31,"href":"https:\/\/magyarutca.org\/wordpress\/wp-json\/wp\/v2\/pages\/41\/revisions"}],"predecessor-version":[{"id":1463,"href":"https:\/\/magyarutca.org\/wordpress\/wp-json\/wp\/v2\/pages\/41\/revisions\/1463"}],"wp:attachment":[{"href":"https:\/\/magyarutca.org\/wordpress\/wp-json\/wp\/v2\/media?parent=41"}],"curies":[{"name":"wp","href":"https:\/\/api.w.org\/{rel}","templated":true}]}}