{"id":44,"date":"2022-07-07T11:53:42","date_gmt":"2022-07-07T11:53:42","guid":{"rendered":"https:\/\/magyarutca.org\/wordpress\/?page_id=44"},"modified":"2023-10-31T20:51:17","modified_gmt":"2023-10-31T20:51:17","slug":"nyilvanos-irattari-dokumentumok","status":"publish","type":"page","link":"https:\/\/magyarutca.org\/wordpress\/nyilvanos-irattari-dokumentumok\/","title":{"rendered":"Nyilv\u00e1nos iratt\u00e1ri dokumentumok"},"content":{"rendered":"<ul class=\"display-posts-listing\"><li class=\"listing-item\"><a class=\"title\" href=\"https:\/\/magyarutca.org\/wordpress\/blog\/fme-kozgyulesenek-jegyzokonyve-2016\/\">2016.01.16_FME k\u00f6zgy\u0171l\u00e9s\u00e9nek jegyz\u0151k\u00f6nyve 2016<\/a><\/li><li class=\"listing-item\"><a class=\"title\" href=\"https:\/\/magyarutca.org\/wordpress\/blog\/fme-kozgyulesenek-jegyzokonyve-2017\/\">2017.01.14_FME k\u00f6zgy\u0171l\u00e9s\u00e9nek jegyz\u0151k\u00f6nyve 2017<\/a><\/li><li class=\"listing-item\"><a class=\"title\" href=\"https:\/\/magyarutca.org\/wordpress\/blog\/fme-kozgyulesenek-jegyzokonyve-2018\/\">2018.01.14_FME k\u00f6zgy\u0171l\u00e9s\u00e9nek jegyz\u0151k\u00f6nyve 2018<\/a><\/li><li class=\"listing-item\"><a class=\"title\" href=\"https:\/\/magyarutca.org\/wordpress\/blog\/fme-kozgyulesenek-jegyzokonyve-2019\/\">2019.01.12_FME k\u00f6zgy\u0171l\u00e9s\u00e9nek jegyz\u0151k\u00f6nyve 2019<\/a><\/li><li class=\"listing-item\"><a class=\"title\" href=\"https:\/\/magyarutca.org\/wordpress\/blog\/fme-kozgyulesenek-jegyzokonyve-2020\/\">2020.01.11_FME k\u00f6zgy\u0171l\u00e9s\u00e9nek jegyz\u0151k\u00f6nyve 2020<\/a><\/li><li class=\"listing-item\"><a class=\"title\" href=\"https:\/\/magyarutca.org\/wordpress\/blog\/fme-kozgyules-2020\/\">2021.xx.xx_FME k\u00f6zgy\u0171l\u00e9s\u00e9nek jegyz\u0151k\u00f6nyve 2021<\/a><\/li><li class=\"listing-item\"><a class=\"title\" href=\"https:\/\/magyarutca.org\/wordpress\/blog\/fme-rendkivuli-kozgyulesenek-jegyzokonyve-2022-09-10\/\">2022.09.10_FME rendk\u00edv\u00fcli k\u00f6zgy\u0171l\u00e9s\u00e9nek jegyz\u0151k\u00f6nyve  2022.09.10.<\/a><\/li><li class=\"listing-item\"><a class=\"title\" href=\"https:\/\/magyarutca.org\/wordpress\/blog\/fme-kozgyulesenek-jegyzokonyve-2023\/\">2023.02._FME k\u00f6zgy\u0171l\u00e9s\u00e9nek jegyz\u0151k\u00f6nyve 2023<\/a><\/li><li class=\"listing-item\"><a class=\"title\" href=\"https:\/\/magyarutca.org\/wordpress\/blog\/fme-kozgyulesenek-jegyzokonyve-2022\/\">2023.03.11_FME k\u00f6zgy\u0171l\u00e9s\u00e9nek jegyz\u0151k\u00f6nyve 2023 \u00e9s az eln\u00f6ki besz\u00e1mol\u00f3 a 2022. \u00e9vr\u0151l.<\/a><\/li><li class=\"listing-item\"><a class=\"title\" href=\"https:\/\/magyarutca.org\/wordpress\/blog\/2024-03-26_fme-kozgyules-jegyzokonyve\/\">2024.03.26_FME k\u00f6zgy\u0171l\u00e9s\u00e9nek jegyz\u0151k\u00f6nyve<\/a><\/li><li class=\"listing-item\"><a class=\"title\" href=\"https:\/\/magyarutca.org\/wordpress\/blog\/fme-alapszabaly-finnul-2\/\">2025.03.25_FME  alapszab\u00e1ly finn\u00fcl<\/a><\/li><li class=\"listing-item\"><a class=\"title\" href=\"https:\/\/magyarutca.org\/wordpress\/blog\/fme-alapszabaly\/\">2025.03.25_FME alapszab\u00e1ly magyarul<\/a><\/li><\/ul>\n\n\n\n<p><\/p>\n\n\n\n<h2 class=\"wp-block-heading\"><\/h2>\n","protected":false},"excerpt":{"rendered":"","protected":false},"author":1,"featured_media":0,"parent":0,"menu_order":0,"comment_status":"closed","ping_status":"closed","template":"","meta":{"footnotes":""},"class_list":["post-44","page","type-page","status-publish","hentry"],"_links":{"self":[{"href":"https:\/\/magyarutca.org\/wordpress\/wp-json\/wp\/v2\/pages\/44","targetHints":{"allow":["GET"]}}],"collection":[{"href":"https:\/\/magyarutca.org\/wordpress\/wp-json\/wp\/v2\/pages"}],"about":[{"href":"https:\/\/magyarutca.org\/wordpress\/wp-json\/wp\/v2\/types\/page"}],"author":[{"embeddable":true,"href":"https:\/\/magyarutca.org\/wordpress\/wp-json\/wp\/v2\/users\/1"}],"replies":[{"embeddable":true,"href":"https:\/\/magyarutca.org\/wordpress\/wp-json\/wp\/v2\/comments?post=44"}],"version-history":[{"count":28,"href":"https:\/\/magyarutca.org\/wordpress\/wp-json\/wp\/v2\/pages\/44\/revisions"}],"predecessor-version":[{"id":2188,"href":"https:\/\/magyarutca.org\/wordpress\/wp-json\/wp\/v2\/pages\/44\/revisions\/2188"}],"wp:attachment":[{"href":"https:\/\/magyarutca.org\/wordpress\/wp-json\/wp\/v2\/media?parent=44"}],"curies":[{"name":"wp","href":"https:\/\/api.w.org\/{rel}","templated":true}]}}