{"id":554,"date":"2022-07-18T12:25:17","date_gmt":"2022-07-18T12:25:17","guid":{"rendered":"https:\/\/magyarutca.org\/wordpress\/?page_id=554"},"modified":"2025-01-13T18:31:18","modified_gmt":"2025-01-13T18:31:18","slug":"magyar-nyelvu-istentisztelet","status":"publish","type":"page","link":"https:\/\/magyarutca.org\/wordpress\/magyar-nyelvu-istentisztelet\/","title":{"rendered":"Magyar nyelv\u0171 istentiszteletek"},"content":{"rendered":"\n<p>Magyar nyelv\u00fc istentiszteletek <strong>a Finnorsz\u00e1gi Magyar Kereszt\u00e9ny K\u00f6z\u00f6ss\u00e9g <\/strong>(FMKK) szervez\u00e9s\u00e9ben minden h\u00f3nap els\u0151 vas\u00e1rnapj\u00e1n Helsinkiben az Alppila-i \u00a0templomban.\u00a0\u00a0 \u00a0<\/p>\n\n\n\n<p>Mindenkit szeretettel v\u00e1runk, sz\u00f3ljatok bar\u00e1taitoknak, ismer\u0151seiteknek is.<\/p>\n\n\n\n<p><\/p>\n\n\n\n<figure class=\"wp-block-image size-full\"><img loading=\"lazy\" decoding=\"async\" width=\"756\" height=\"218\" src=\"https:\/\/magyarutca.org\/wordpress\/wp-content\/uploads\/2022\/07\/image-1.png\" alt=\"\" class=\"wp-image-925\" srcset=\"https:\/\/magyarutca.org\/wordpress\/wp-content\/uploads\/2022\/07\/image-1.png 756w, https:\/\/magyarutca.org\/wordpress\/wp-content\/uploads\/2022\/07\/image-1-300x87.png 300w\" sizes=\"auto, (max-width: 756px) 100vw, 756px\" \/><\/figure>\n\n\n\n<p><\/p>\n\n\n\n<h2 class=\"wp-block-heading has-large-font-size\">Magyar nyelv\u0171 mis\u00e9k<\/h2>\n\n\n\n<p>B\u0151vebb inform\u00e1ci\u00f3k itt:     <a href=\" http:\/\/www.mafinka.fi\"> http:\/\/www.mafinka.fi<\/a><\/p>\n\n\n\n<figure class=\"wp-block-image size-large\"><img loading=\"lazy\" decoding=\"async\" width=\"1024\" height=\"387\" src=\"https:\/\/magyarutca.org\/wordpress\/wp-content\/uploads\/2023\/08\/MAFINKA_nyito-1024x387.jpg\" alt=\"\" class=\"wp-image-2054\" srcset=\"https:\/\/magyarutca.org\/wordpress\/wp-content\/uploads\/2023\/08\/MAFINKA_nyito-1024x387.jpg 1024w, https:\/\/magyarutca.org\/wordpress\/wp-content\/uploads\/2023\/08\/MAFINKA_nyito-300x113.jpg 300w, https:\/\/magyarutca.org\/wordpress\/wp-content\/uploads\/2023\/08\/MAFINKA_nyito-768x290.jpg 768w, https:\/\/magyarutca.org\/wordpress\/wp-content\/uploads\/2023\/08\/MAFINKA_nyito-1536x580.jpg 1536w, https:\/\/magyarutca.org\/wordpress\/wp-content\/uploads\/2023\/08\/MAFINKA_nyito.jpg 1660w\" sizes=\"auto, (max-width: 1024px) 100vw, 1024px\" \/><\/figure>\n","protected":false},"excerpt":{"rendered":"<p>Magyar nyelv\u00fc istentiszteletek a Finnorsz\u00e1gi Magyar Kereszt\u00e9ny K\u00f6z\u00f6ss\u00e9g (FMKK) szervez\u00e9s\u00e9ben minden h\u00f3nap els\u0151 vas\u00e1rnapj\u00e1n Helsinkiben az Alppila-i \u00a0templomban.\u00a0\u00a0 \u00a0 Mindenkit szeretettel v\u00e1runk, sz\u00f3ljatok bar\u00e1taitoknak, ismer\u0151seiteknek is. Magyar nyelv\u0171 mis\u00e9k B\u0151vebb inform\u00e1ci\u00f3k itt: http:\/\/www.mafinka.fi<\/p>\n","protected":false},"author":1,"featured_media":0,"parent":0,"menu_order":0,"comment_status":"closed","ping_status":"closed","template":"","meta":{"footnotes":""},"class_list":["post-554","page","type-page","status-publish","hentry"],"_links":{"self":[{"href":"https:\/\/magyarutca.org\/wordpress\/wp-json\/wp\/v2\/pages\/554","targetHints":{"allow":["GET"]}}],"collection":[{"href":"https:\/\/magyarutca.org\/wordpress\/wp-json\/wp\/v2\/pages"}],"about":[{"href":"https:\/\/magyarutca.org\/wordpress\/wp-json\/wp\/v2\/types\/page"}],"author":[{"embeddable":true,"href":"https:\/\/magyarutca.org\/wordpress\/wp-json\/wp\/v2\/users\/1"}],"replies":[{"embeddable":true,"href":"https:\/\/magyarutca.org\/wordpress\/wp-json\/wp\/v2\/comments?post=554"}],"version-history":[{"count":6,"href":"https:\/\/magyarutca.org\/wordpress\/wp-json\/wp\/v2\/pages\/554\/revisions"}],"predecessor-version":[{"id":2374,"href":"https:\/\/magyarutca.org\/wordpress\/wp-json\/wp\/v2\/pages\/554\/revisions\/2374"}],"wp:attachment":[{"href":"https:\/\/magyarutca.org\/wordpress\/wp-json\/wp\/v2\/media?parent=554"}],"curies":[{"name":"wp","href":"https:\/\/api.w.org\/{rel}","templated":true}]}}