{"id":555,"date":"2022-07-18T12:24:01","date_gmt":"2022-07-18T12:24:01","guid":{"rendered":"https:\/\/magyarutca.org\/wordpress\/?page_id=555"},"modified":"2025-01-19T13:43:17","modified_gmt":"2025-01-19T13:43:17","slug":"tanchaz","status":"publish","type":"page","link":"https:\/\/magyarutca.org\/wordpress\/tanchaz\/","title":{"rendered":"Kedves  Mindenki!\u00a0\u00a0\u00a0\u00a0\u00a0\u00a0\u00a0\u00a0"},"content":{"rendered":"\n<p><strong>Magyar t\u00e1nch\u00e1z a Magyar N\u00e9pt\u00e1nc Egyes\u00fclet szervez\u00e9s\u00e9ben minden p\u00e9nteken 18- \u00e9s 21-\u00f3ra k\u00f6z\u00f6tt Maunula-ban Saunabaari nev\u00fc \u00e9p\u00fclet hangulatos term\u00e9ben.<\/strong> <\/p>\n\n\n\n<p>Szeretettel v\u00e1runk minden magyar n\u00e9pzene \u00e9s n\u00e9pt\u00e1nc ir\u00e1nt \u00e9rdekl\u0151d\u0151ket!<\/p>\n\n\n\n<p> -Minden alkalommal az est moldvai t\u00e1ncokkal kezd\u0151dik! <\/p>\n\n\n\n<p>-Nem baj, ha nincs p\u00e1rod hozz\u00e1, a k\u00f6rt\u00e1nc p\u00e1ratlan \u00e9lm\u00e9ny! <\/p>\n\n\n\n<p>-Nem baj, ha &#8220;k\u00e9t bal l\u00e1bad&#8221; van, a tan\u00edt\u00f3 \u00e9s a tapasztaltabb t\u00e1ncosok seg\u00edtenek! <\/p>\n\n\n\n<p class=\"has-medium-font-size\"><strong><em>C\u00edm: Asukastalo Saunabaari, Mets\u00e4purontie 25, 00630 Helsinki.<\/em><\/strong><\/p>\n\n\n\n<figure class=\"wp-block-embed is-type-wp-embed is-provider-magyar-n-pt-nc-egyes-let-unkarilainen-kansantanssiyhdistys wp-block-embed-magyar-n-pt-nc-egyes-let-unkarilainen-kansantanssiyhdistys\"><div class=\"wp-block-embed__wrapper\">\n<blockquote class=\"wp-embedded-content\" data-secret=\"dkMJQtLbzT\"><a href=\"https:\/\/unkarilainenkansantanssi.fi\/tanchaz\/\">T\u00e1nch\u00e1z<\/a><\/blockquote><iframe loading=\"lazy\" class=\"wp-embedded-content\" sandbox=\"allow-scripts\" security=\"restricted\" style=\"position: absolute; visibility: hidden;\" title=\"&#8220;T\u00e1nch\u00e1z&#8221; &#8212; Magyar N\u00e9pt\u00e1nc Egyes\u00fclet \u2013 Unkarilainen kansantanssiyhdistys\" src=\"https:\/\/unkarilainenkansantanssi.fi\/tanchaz\/embed\/#?secret=viFIbcFv1R#?secret=dkMJQtLbzT\" data-secret=\"dkMJQtLbzT\" width=\"600\" height=\"338\" frameborder=\"0\" marginwidth=\"0\" marginheight=\"0\" scrolling=\"no\"><\/iframe>\n<\/div><\/figure>\n\n\n\n<p><a href=\"https:\/\/www.facebook.com\/groups\/263615627673520\">https:\/\/www.facebook.com\/groups\/263615627673520<\/a><\/p>\n\n\n\n<p>Email: tanchaz@elisanet.fi<\/p>\n\n\n\n<p>\u00dcdv\u00f6zlettel, <\/p>\n\n\n\n<p>Heiler Istv\u00e1n (Egyes\u00fclet eln\u00f6ke)<\/p>\n\n\n\n<p><a href=\"https:\/\/drive.google.com\/file\/d\/1TlmmHxIuGOVRrvCAM7gS0FOrWFtIlY5D\/view?usp=sharing\">T\u00e1nc vide\u00f3<\/a><\/p>\n\n\n\n<p>A t\u00e1nch\u00e1zban k\u00e9t terem \u00e1ll a rendelkez\u00e9s\u00fcnkre:  egy nagy parkett\u00e1s t\u00e1ncterem \u00e9s egy t\u00e1gas besz\u00e9lget\u0151 ahol t\u00e9\u00e1zni, k\u00e1v\u00e9zni \u00e9s n\u00e9pdalokat \u00e9nekelni lehet:<\/p>\n\n\n\n<p>K\u00e9pek a termekr\u0151l:<\/p>\n\n\n\n<figure class=\"wp-block-image size-large\"><img loading=\"lazy\" decoding=\"async\" width=\"1024\" height=\"768\" src=\"https:\/\/magyarutca.org\/wordpress\/wp-content\/uploads\/2022\/07\/Tanchaz_Terem1-1024x768.jpg\" alt=\"\" class=\"wp-image-1121\" srcset=\"https:\/\/magyarutca.org\/wordpress\/wp-content\/uploads\/2022\/07\/Tanchaz_Terem1-1024x768.jpg 1024w, https:\/\/magyarutca.org\/wordpress\/wp-content\/uploads\/2022\/07\/Tanchaz_Terem1-300x225.jpg 300w, https:\/\/magyarutca.org\/wordpress\/wp-content\/uploads\/2022\/07\/Tanchaz_Terem1-768x576.jpg 768w, https:\/\/magyarutca.org\/wordpress\/wp-content\/uploads\/2022\/07\/Tanchaz_Terem1.jpg 1200w\" sizes=\"auto, (max-width: 1024px) 100vw, 1024px\" \/><\/figure>\n\n\n\n<figure class=\"wp-block-image size-large\"><img loading=\"lazy\" decoding=\"async\" width=\"1024\" height=\"768\" src=\"https:\/\/magyarutca.org\/wordpress\/wp-content\/uploads\/2022\/07\/Tanchaz_Terem2-1024x768.jpg\" alt=\"\" class=\"wp-image-1122\" srcset=\"https:\/\/magyarutca.org\/wordpress\/wp-content\/uploads\/2022\/07\/Tanchaz_Terem2-1024x768.jpg 1024w, https:\/\/magyarutca.org\/wordpress\/wp-content\/uploads\/2022\/07\/Tanchaz_Terem2-300x225.jpg 300w, https:\/\/magyarutca.org\/wordpress\/wp-content\/uploads\/2022\/07\/Tanchaz_Terem2-768x576.jpg 768w, https:\/\/magyarutca.org\/wordpress\/wp-content\/uploads\/2022\/07\/Tanchaz_Terem2.jpg 1200w\" sizes=\"auto, (max-width: 1024px) 100vw, 1024px\" \/><\/figure>\n\n\n\n<p>Az ismert Muzsik\u00e1s egy\u00fcttes tagjai szerint is egy \u00e9letre sz\u00f3l\u00f3 aj\u00e1nd\u00e9k lehet ha a sz\u00fcl\u0151k megismertetik a gyerekeikkel a n\u00e9pzen\u00e9t.<\/p>\n\n\n\n<p>M\u00e1s kutat\u00e1s, felm\u00e9r\u00e9s: <strong>\u201cA t\u00e1nc \u00e1ltal az egy\u00e9n kibillen a komfortz\u00f3n\u00e1j\u00e1b\u00f3l sz\u00e1mos koordin\u00e1ci\u00f3s k\u00e9pess\u00e9g\u00e9t \u00e9s kognit\u00edv funkci\u00f3j\u00e1t aktiv\u00e1lva, \u00edgy kihaszn\u00e1lva a mozg\u00e1s \u00e9s a zene adta pozit\u00edv k\u00f6vetkezm\u00e9nyeket, hat\u00e1ssal lehet p\u00e9ld\u00e1ul a szorong\u00e1s, a depresszi\u00f3, az elszigetel\u0151d\u00e9ssel j\u00e1r\u00f3 megbeteged\u00e9sek kezel\u00e9s\u00e9ben\u201d.<\/strong><\/p>\n\n\n\n<p><\/p>\n\n\n\n<p>Tov\u00e1bbi inform\u00e1ci\u00f3k \u00e9s a pontos c\u00edm megtal\u00e1lhat\u00f3ak a csatolm\u00e1nyban \u00e9s a honlapunkon:&nbsp;<a rel=\"noreferrer noopener\" href=\"http:\/\/unkarilainenkansantanssi.fi\/\" target=\"_blank\">http:\/\/unkarilainenkansantanssi.fi<\/a><\/p>\n\n\n\n<p><\/p>\n\n\n\n<figure class=\"wp-block-image size-large\"><img loading=\"lazy\" decoding=\"async\" width=\"1024\" height=\"228\" src=\"https:\/\/magyarutca.org\/wordpress\/wp-content\/uploads\/2022\/07\/image-1024x228.png\" alt=\"\" class=\"wp-image-923\" srcset=\"https:\/\/magyarutca.org\/wordpress\/wp-content\/uploads\/2022\/07\/image-1024x228.png 1024w, https:\/\/magyarutca.org\/wordpress\/wp-content\/uploads\/2022\/07\/image-300x67.png 300w, https:\/\/magyarutca.org\/wordpress\/wp-content\/uploads\/2022\/07\/image-768x171.png 768w, https:\/\/magyarutca.org\/wordpress\/wp-content\/uploads\/2022\/07\/image.png 1093w\" sizes=\"auto, (max-width: 1024px) 100vw, 1024px\" \/><\/figure>\n\n\n\n<p><\/p>\n","protected":false},"excerpt":{"rendered":"<p>Magyar t\u00e1nch\u00e1z a Magyar N\u00e9pt\u00e1nc Egyes\u00fclet szervez\u00e9s\u00e9ben minden p\u00e9nteken 18- \u00e9s 21-\u00f3ra k\u00f6z\u00f6tt Maunula-ban Saunabaari nev\u00fc \u00e9p\u00fclet hangulatos term\u00e9ben. Szeretettel v\u00e1runk minden magyar n\u00e9pzene \u00e9s n\u00e9pt\u00e1nc ir\u00e1nt \u00e9rdekl\u0151d\u0151ket! -Minden alkalommal az est moldvai t\u00e1ncokkal kezd\u0151dik! -Nem baj, ha nincs p\u00e1rod hozz\u00e1, a k\u00f6rt\u00e1nc p\u00e1ratlan \u00e9lm\u00e9ny! -Nem baj, ha &#8220;k\u00e9t bal l\u00e1bad&#8221; van, a tan\u00edt\u00f3 \u00e9s &hellip; <a href=\"https:\/\/magyarutca.org\/wordpress\/tanchaz\/\" class=\"more-link\">Continue reading <span class=\"screen-reader-text\">Kedves  Mindenki!\u00a0\u00a0\u00a0\u00a0\u00a0\u00a0\u00a0\u00a0<\/span><\/a><\/p>\n","protected":false},"author":1,"featured_media":0,"parent":0,"menu_order":0,"comment_status":"closed","ping_status":"closed","template":"","meta":{"footnotes":""},"class_list":["post-555","page","type-page","status-publish","hentry"],"_links":{"self":[{"href":"https:\/\/magyarutca.org\/wordpress\/wp-json\/wp\/v2\/pages\/555","targetHints":{"allow":["GET"]}}],"collection":[{"href":"https:\/\/magyarutca.org\/wordpress\/wp-json\/wp\/v2\/pages"}],"about":[{"href":"https:\/\/magyarutca.org\/wordpress\/wp-json\/wp\/v2\/types\/page"}],"author":[{"embeddable":true,"href":"https:\/\/magyarutca.org\/wordpress\/wp-json\/wp\/v2\/users\/1"}],"replies":[{"embeddable":true,"href":"https:\/\/magyarutca.org\/wordpress\/wp-json\/wp\/v2\/comments?post=555"}],"version-history":[{"count":13,"href":"https:\/\/magyarutca.org\/wordpress\/wp-json\/wp\/v2\/pages\/555\/revisions"}],"predecessor-version":[{"id":2376,"href":"https:\/\/magyarutca.org\/wordpress\/wp-json\/wp\/v2\/pages\/555\/revisions\/2376"}],"wp:attachment":[{"href":"https:\/\/magyarutca.org\/wordpress\/wp-json\/wp\/v2\/media?parent=555"}],"curies":[{"name":"wp","href":"https:\/\/api.w.org\/{rel}","templated":true}]}}