{"id":7,"date":"2022-07-07T07:12:33","date_gmt":"2022-07-07T07:12:33","guid":{"rendered":"https:\/\/magyarutca.org\/wordpress\/?page_id=7"},"modified":"2023-08-28T04:01:50","modified_gmt":"2023-08-28T04:01:50","slug":"fooldal","status":"publish","type":"page","link":"https:\/\/magyarutca.org\/wordpress\/","title":{"rendered":"F\u0151oldal"},"content":{"rendered":"\n<p><\/p>\n\n\n<h2>Tisztelt L\u00e1togat\u00f3!<\/h2>\n<p style=\"text-align: left;\">\u00dcdv\u00f6z\u00f6lj\u00fck a Finnorsz\u00e1gi Magyarok Egyes\u00fclete (FME) \u00faj honlapj\u00e1n!<\/p>\n<p><a href=\"https:\/\/www.magyarutca.org\/wordpress\/fooldal\">https:\/\/www.magyarutca.org\/<\/a><\/p>\n<p>Az \u00e9vezred kih\u00edv\u00e1sainak megfelelve m\u00e1r 2002 \u00f3ta jelen vagyunk a vil\u00e1gh\u00e1l\u00f3n. H\u00edreink, rendezv\u00e9nteink, az itteni k\u00f6z\u00f6ss\u00e9get legink\u00e1bb \u00e9rdekl\u0151 esem\u00e9nyek az ut\u00f3bbi egy-k\u00e9t \u00e9vet lesz\u00e1m\u00edtva naprak\u00e9szen olvashat\u00f3k voltak a lapon, csak\u00fagy, mint egyes\u00fclet\u00fcnk k\u00f6z\u00f6ss\u00e9gi nyomtatv\u00e1nya, a K\u00f6rlev\u00e9l.<\/p>\n<p>Az ut\u00f3bbi \u00e9vekben egyre t\u00f6bb magyar \u00e9rkezett r\u00f6videbb-hosszabb id\u0151re Finnorsz\u00e1gba, sokan \u00e9rdekl\u0151dtek az itteni munkalehet\u0151s\u00e9gekr\u0151l Sokan szeretn\u00e9nek \u2013 ak\u00e1r ideiglenesen, ak\u00e1r v\u00e9glegesen \u2013 letelepedni ebben az orsz\u00e1gban. Felismerve azt a sz\u00fcks\u00e9gess\u00e9get, hogy a frissen \u00e9rkezetteknek vagy a potenci\u00e1lis munkav\u00e1llal\u00f3knak seg\u00edts\u00e9gre, ill. min\u00e9l sz\u00e9lesebb k\u00f6r\u0171 inform\u00e1ci\u00f3ra van sz\u00fcks\u00e9g\u00fck, egyes\u00fclet\u00fcnk vezet\u0151s\u00e9ge t\u00f6bb \u00e9vvel ezel\u0151tt \u00fagy d\u00f6nt\u00f6tt, hogy a honlap ne csak az egyes\u00fclet tagjait szolg\u00e1lja, hanem az \u00faj ig\u00e9nyeket is megpr\u00f3b\u00e1lja inform\u00e1ci\u00f3kkal kiel\u00e9g\u00edteni.<\/p>\n<p><strong><span style=\"font-size: 14pt;\">Itt szeretn\u00e9nk megjegyezni, hogy nem \u00e1ll m\u00f3dunkban k\u00f6zvetlen munkakeres\u00e9ssel, munkak\u00f6zvet\u00edt\u00e9ssel, ad\u00f3tan\u00e1csad\u00e1ssal, lak\u00e1skeres\u00e9ssel szolg\u00e1lni az \u00e9rdekl\u0151d\u0151knek!<\/span><\/strong><\/p>\n<p>Ez\u00e9rt a <a href=\"https:\/\/magyarutca.org\/wordpress\/hasznos-tudnivalok\/\">Hasznos tudnival\u00f3k<\/a> oldalon egy csokorba szedve megtal\u00e1lhat\u00f3k a legfontosabb linkek ezekben a t\u00e9m\u00e1kban. Az FME k\u00f6nyvei a <a href=\"https:\/\/culture.hu\/hu\/helsinki\">Magyar Kultur\u00e1lis \u00e9s Tudom\u00e1nyos K\u00f6zpont<\/a> k\u00f6nyvt\u00e1r\u00e1ban tal\u00e1lhat\u00f3k, onnan k\u00f6lcs\u00f6n\u00f6zhet\u0151k. A k\u00f6nyvek list\u00e1ja<a href=\"http:\/\/magyarutca.org\/images\/iratok\/fme_konyvek.pdf\"> itt tal\u00e1lhat\u00f3.<\/a><\/p>\n<p>Semmif\u00e9le szponzor\u00e1l\u00e1si- \u00e9s rekl\u00e1mtev\u00e9kenys\u00e9get nem v\u00e1llalunk.<\/p>\n<p>K\u00f6sz\u00f6nj\u00fck meg\u00e9rt\u00e9s\u00e9t, \u00e9s rem\u00e9lj\u00fck, hogy a fentiek ismeret\u00e9ben sz\u00edvesen ismerkedik szervezet\u00fcnkkel.<\/p>\n<h3><strong>T\u00e1mogat\u00f3ink:<br \/><\/strong><\/h3>\n\n\n<figure class=\"wp-block-image size-large\"><img loading=\"lazy\" decoding=\"async\" width=\"1024\" height=\"463\" src=\"https:\/\/magyarutca.org\/wordpress\/wp-content\/uploads\/2023\/08\/2023.08.27_Megvalosult-a-Magyar-Kormanny-es-BGA-egyben-kicsi-1024x463.jpg\" alt=\"\" class=\"wp-image-2060\" srcset=\"https:\/\/magyarutca.org\/wordpress\/wp-content\/uploads\/2023\/08\/2023.08.27_Megvalosult-a-Magyar-Kormanny-es-BGA-egyben-kicsi-1024x463.jpg 1024w, https:\/\/magyarutca.org\/wordpress\/wp-content\/uploads\/2023\/08\/2023.08.27_Megvalosult-a-Magyar-Kormanny-es-BGA-egyben-kicsi-300x136.jpg 300w, https:\/\/magyarutca.org\/wordpress\/wp-content\/uploads\/2023\/08\/2023.08.27_Megvalosult-a-Magyar-Kormanny-es-BGA-egyben-kicsi-768x348.jpg 768w, https:\/\/magyarutca.org\/wordpress\/wp-content\/uploads\/2023\/08\/2023.08.27_Megvalosult-a-Magyar-Kormanny-es-BGA-egyben-kicsi-1536x695.jpg 1536w, https:\/\/magyarutca.org\/wordpress\/wp-content\/uploads\/2023\/08\/2023.08.27_Megvalosult-a-Magyar-Kormanny-es-BGA-egyben-kicsi.jpg 1600w\" sizes=\"auto, (max-width: 1024px) 100vw, 1024px\" \/><\/figure>\n","protected":false},"excerpt":{"rendered":"<p>Tisztelt L\u00e1togat\u00f3! \u00dcdv\u00f6z\u00f6lj\u00fck a Finnorsz\u00e1gi Magyarok Egyes\u00fclete (FME) \u00faj honlapj\u00e1n! https:\/\/www.magyarutca.org\/ Az \u00e9vezred kih\u00edv\u00e1sainak megfelelve m\u00e1r 2002 \u00f3ta jelen vagyunk a vil\u00e1gh\u00e1l\u00f3n. H\u00edreink, rendezv\u00e9nteink, az itteni k\u00f6z\u00f6ss\u00e9get legink\u00e1bb \u00e9rdekl\u0151 esem\u00e9nyek az ut\u00f3bbi egy-k\u00e9t \u00e9vet lesz\u00e1m\u00edtva naprak\u00e9szen olvashat\u00f3k voltak a lapon, csak\u00fagy, mint egyes\u00fclet\u00fcnk k\u00f6z\u00f6ss\u00e9gi nyomtatv\u00e1nya, a K\u00f6rlev\u00e9l. Az ut\u00f3bbi \u00e9vekben egyre t\u00f6bb magyar \u00e9rkezett r\u00f6videbb-hosszabb &hellip; <a href=\"https:\/\/magyarutca.org\/wordpress\/\" class=\"more-link\">Continue reading <span class=\"screen-reader-text\">F\u0151oldal<\/span><\/a><\/p>\n","protected":false},"author":1,"featured_media":1692,"parent":0,"menu_order":0,"comment_status":"closed","ping_status":"closed","template":"","meta":{"footnotes":""},"class_list":["post-7","page","type-page","status-publish","has-post-thumbnail","hentry"],"_links":{"self":[{"href":"https:\/\/magyarutca.org\/wordpress\/wp-json\/wp\/v2\/pages\/7","targetHints":{"allow":["GET"]}}],"collection":[{"href":"https:\/\/magyarutca.org\/wordpress\/wp-json\/wp\/v2\/pages"}],"about":[{"href":"https:\/\/magyarutca.org\/wordpress\/wp-json\/wp\/v2\/types\/page"}],"author":[{"embeddable":true,"href":"https:\/\/magyarutca.org\/wordpress\/wp-json\/wp\/v2\/users\/1"}],"replies":[{"embeddable":true,"href":"https:\/\/magyarutca.org\/wordpress\/wp-json\/wp\/v2\/comments?post=7"}],"version-history":[{"count":30,"href":"https:\/\/magyarutca.org\/wordpress\/wp-json\/wp\/v2\/pages\/7\/revisions"}],"predecessor-version":[{"id":2061,"href":"https:\/\/magyarutca.org\/wordpress\/wp-json\/wp\/v2\/pages\/7\/revisions\/2061"}],"wp:featuredmedia":[{"embeddable":true,"href":"https:\/\/magyarutca.org\/wordpress\/wp-json\/wp\/v2\/media\/1692"}],"wp:attachment":[{"href":"https:\/\/magyarutca.org\/wordpress\/wp-json\/wp\/v2\/media?parent=7"}],"curies":[{"name":"wp","href":"https:\/\/api.w.org\/{rel}","templated":true}]}}